{"id":47,"date":"2023-11-02T14:13:28","date_gmt":"2023-11-02T13:13:28","guid":{"rendered":"http:\/\/holztrattner-schmid.de\/home\/?page_id=47"},"modified":"2024-09-18T14:39:54","modified_gmt":"2024-09-18T12:39:54","slug":"rechtsanwaelte","status":"publish","type":"page","link":"https:\/\/holztrattner-schmid.de\/home\/ueber-uns\/rechtsanwaelte\/","title":{"rendered":"Rechtsanw\u00e4lte"},"content":{"rendered":"<p>[et_pb_section fb_built=&#8220;1&#8243; _builder_version=&#8220;4.23&#8243; _module_preset=&#8220;default&#8220; global_colors_info=&#8220;{}&#8220;][et_pb_row use_custom_gutter=&#8220;on&#8220; gutter_width=&#8220;1&#8243; _builder_version=&#8220;4.23&#8243; _module_preset=&#8220;default&#8220; z_index=&#8220;1&#8243; width=&#8220;100%&#8220; width_tablet=&#8220;100%&#8220; width_phone=&#8220;&#8220; width_last_edited=&#8220;on|phone&#8220; max_width=&#8220;100%&#8220; sticky_position=&#8220;top&#8220; background_color_phone=&#8220;#FFFFFF&#8220; background_last_edited=&#8220;on|phone&#8220; background_enable_color_phone=&#8220;on&#8220; global_colors_info=&#8220;{}&#8220; background__sticky_enabled=&#8220;off|desktop&#8220;][et_pb_column type=&#8220;4_4&#8243; _builder_version=&#8220;4.23&#8243; _module_preset=&#8220;default&#8220; custom_padding=&#8220;||||false|false&#8220; global_colors_info=&#8220;{}&#8220;][et_pb_text _builder_version=&#8220;4.23&#8243; _module_preset=&#8220;default&#8220; header_2_font=&#8220;|800||on|||||&#8220; header_2_text_align=&#8220;center&#8220; header_2_text_color=&#8220;#E83F58&#8243; header_2_font_size=&#8220;7.7vw&#8220; custom_margin=&#8220;||||false|false&#8220; custom_margin_tablet=&#8220;||||false|false&#8220; custom_margin_phone=&#8220;||||false|false&#8220; custom_margin_last_edited=&#8220;on|desktop&#8220; hover_transition_duration=&#8220;500ms&#8220; sticky_position=&#8220;top&#8220; header_2_font_size_tablet=&#8220;9.2vw&#8220; header_2_font_size_phone=&#8220;8.9vw&#8220; header_2_font_size_last_edited=&#8220;on|phone&#8220; header_2_text_shadow_style=&#8220;preset2&#8243; header_2_text_shadow_blur_strength=&#8220;0.1em&#8220; header_2_text_shadow_color=&#8220;rgba(232,63,88,0.2)&#8220; global_colors_info=&#8220;{}&#8220; header_2_text_color__sticky_enabled=&#8220;on|sticky&#8220; header_2_text_color__sticky=&#8220;#FFFFFF&#8220; custom_margin__sticky_enabled=&#8220;on|sticky&#8220; custom_margin__sticky=&#8220;|||-20%|false|false&#8220;]<\/p>\n<h2>Rechtsanw\u00e4lte<\/h2>\n<p>[\/et_pb_text][\/et_pb_column][\/et_pb_row][\/et_pb_section][et_pb_section fb_built=&#8220;1&#8243; _builder_version=&#8220;4.23&#8243; _module_preset=&#8220;default&#8220; custom_margin=&#8220;100px||100px||false|false&#8220; custom_padding=&#8220;0px||0px||false|false&#8220; global_colors_info=&#8220;{}&#8220;][et_pb_row _builder_version=&#8220;4.23&#8243; _module_preset=&#8220;default&#8220; custom_margin=&#8220;||||false|false&#8220; custom_padding=&#8220;0px||0px||false|false&#8220; sticky_position=&#8220;top&#8220; sticky_limit_bottom=&#8220;section&#8220; background_color_phone=&#8220;RGBA(255,255,255,0)&#8220; background_last_edited=&#8220;on|phone&#8220; background_enable_color_phone=&#8220;on&#8220; sticky_position_tablet=&#8220;top&#8220; sticky_position_phone=&#8220;none&#8220; sticky_position_last_edited=&#8220;on|desktop&#8220; global_colors_info=&#8220;{}&#8220;][et_pb_column type=&#8220;4_4&#8243; _builder_version=&#8220;4.23&#8243; _module_preset=&#8220;default&#8220; global_colors_info=&#8220;{}&#8220;][et_pb_image src=&#8220;https:\/\/holztrattner-schmid.de\/home\/wp-content\/uploads\/2024\/05\/RA_WolfgangSchmid_Germering.png&#8220; title_text=&#8220;RA_WolfgangSchmid_Germering&#8220; _builder_version=&#8220;4.23&#8243; _module_preset=&#8220;default&#8220; width=&#8220;30%&#8220; global_colors_info=&#8220;{}&#8220;][\/et_pb_image][\/et_pb_column][\/et_pb_row][et_pb_row column_structure=&#8220;1_3,2_3&#8243; _builder_version=&#8220;4.23&#8243; _module_preset=&#8220;default&#8220; custom_margin=&#8220;||||false|false&#8220; custom_padding=&#8220;0px||0px||false|false&#8220; global_colors_info=&#8220;{}&#8220;][et_pb_column type=&#8220;1_3&#8243; _builder_version=&#8220;4.23&#8243; _module_preset=&#8220;default&#8220; global_colors_info=&#8220;{}&#8220;][\/et_pb_column][et_pb_column type=&#8220;2_3&#8243; _builder_version=&#8220;4.23&#8243; _module_preset=&#8220;default&#8220; global_colors_info=&#8220;{}&#8220;][et_pb_text _builder_version=&#8220;4.23&#8243; _module_preset=&#8220;default&#8220; global_colors_info=&#8220;{}&#8220;]<\/p>\n<h3>WOLFGANG SCHMID<\/h3>\n<p><strong>Rechtsanwalt<\/strong><\/p>\n<p><strong>Fachanwalt f\u00fcr Arbeitsrecht<\/strong><br \/><strong>Fachanwalt f\u00fcr Verkehrsrecht<\/strong><br \/><strong>ADAC-Vertragsanwalt<\/strong><\/p>\n<p>&nbsp;<\/p>\n<p>[\/et_pb_text][et_pb_accordion closed_toggle_text_color=&#8220;RGBA(255,255,255,0)&#8220; _builder_version=&#8220;4.23&#8243; _module_preset=&#8220;default&#8220; background_color=&#8220;RGBA(255,255,255,0)&#8220; global_colors_info=&#8220;{}&#8220;][et_pb_accordion_item title=&#8220;VITA&#8220; open=&#8220;on&#8220; closed_toggle_text_color=&#8220;#004F9F&#8220; _builder_version=&#8220;4.23&#8243; _module_preset=&#8220;default&#8220; background_color=&#8220;RGBA(255,255,255,0)&#8220; background_enable_color=&#8220;on&#8220; custom_padding=&#8220;0px|0px|0px|0px|false|false&#8220; border_width_all=&#8220;0px&#8220; global_colors_info=&#8220;{}&#8220;]<\/p>\n<p><strong>1991<\/strong> 1. Juristisches Staatsexamen in M\u00fcnchen<\/p>\n<p><strong>1993 \/ 1994<\/strong> Referendariat mit Auslandswahlstation in San Diego, CA, USA, Kanzlei Mathews, Bergen, Grier<\/p>\n<p><strong>1994<\/strong> 2. Juristisches Staatsexamen in M\u00fcnchen<\/p>\n<p><strong>1994 \/ 1995<\/strong> Rechtsanwalt in der Kanzlei Vogt, Braun, Kobold in M\u00fcnchen<\/p>\n<p><strong>1995 \/ 1997<\/strong> Rechtsanwalt in der Kanzlei Holztrattner in Germering<\/p>\n<p><strong>1998<\/strong> \u00dcbernahme der Kanzlei Holztrattner<\/p>\n<p><strong>2001<\/strong> Gr\u00fcndung der Soziet\u00e4t Holztrattner \/ Schmid, Germering<\/p>\n<p><strong>2005<\/strong> Fachlehrgang f\u00fcr Arbeitsrecht<\/p>\n<p><strong>2006<\/strong> Fachlehrgang f\u00fcr Verkehrsrecht<\/p>\n<p><strong>2013<\/strong> ADAC-Vertragsanwalt<\/p>\n<p><strong>Mitgliedschaften:<\/strong><br \/>M\u00fcnchner Anwaltverein \/ MAV<br \/>Deutscher Anwaltverein \/ DAV<br \/>Mitglied in der Arbeitsgemeinschaft Verkehrsrecht im Deutschen Anwaltverein<br \/>Mitglied in der Arbeitsgemeinschaft Arbeitsrecht im Deutschen Anwaltverein<\/p>\n<p><strong>Fremdsprachen:<\/strong><br \/>Englisch<\/p>\n<p>[\/et_pb_accordion_item][\/et_pb_accordion][\/et_pb_column][\/et_pb_row][\/et_pb_section][et_pb_section fb_built=&#8220;1&#8243; _builder_version=&#8220;4.23&#8243; _module_preset=&#8220;default&#8220; custom_margin=&#8220;100px||100px||false|false&#8220; custom_padding=&#8220;0px||0px||false|false&#8220; global_colors_info=&#8220;{}&#8220;][et_pb_row _builder_version=&#8220;4.23&#8243; _module_preset=&#8220;default&#8220; custom_margin=&#8220;||||false|false&#8220; custom_padding=&#8220;0px||0px||false|false&#8220; sticky_position=&#8220;top&#8220; sticky_limit_bottom=&#8220;section&#8220; sticky_offset_surrounding=&#8220;off&#8220; sticky_transition=&#8220;off&#8220; background_color_phone=&#8220;RGBA(255,255,255,0)&#8220; background_last_edited=&#8220;on|phone&#8220; background_enable_color_phone=&#8220;on&#8220; global_colors_info=&#8220;{}&#8220;][et_pb_column type=&#8220;4_4&#8243; _builder_version=&#8220;4.23&#8243; _module_preset=&#8220;default&#8220; global_colors_info=&#8220;{}&#8220;][et_pb_divider _builder_version=&#8220;4.23&#8243; _module_preset=&#8220;default&#8220; global_colors_info=&#8220;{}&#8220;][\/et_pb_divider][\/et_pb_column][\/et_pb_row][et_pb_row column_structure=&#8220;1_3,2_3&#8243; _builder_version=&#8220;4.23&#8243; _module_preset=&#8220;default&#8220; custom_margin=&#8220;||||false|false&#8220; custom_padding=&#8220;0px||0px||false|false&#8220; global_colors_info=&#8220;{}&#8220;][et_pb_column type=&#8220;1_3&#8243; _builder_version=&#8220;4.23&#8243; _module_preset=&#8220;default&#8220; global_colors_info=&#8220;{}&#8220;][\/et_pb_column][et_pb_column type=&#8220;2_3&#8243; _builder_version=&#8220;4.23&#8243; _module_preset=&#8220;default&#8220; global_colors_info=&#8220;{}&#8220;][et_pb_text _builder_version=&#8220;4.23&#8243; _module_preset=&#8220;default&#8220; global_colors_info=&#8220;{}&#8220;]<\/p>\n<h3>RUDOLF HOLZTRATTNER<\/h3>\n<p><strong>Lehrbeauftragter der Hochschule M\u00fcnchen<\/strong><\/p>\n<p>Of Counsel<\/p>\n<p>&nbsp;<\/p>\n<p>[\/et_pb_text][\/et_pb_column][\/et_pb_row][\/et_pb_section][et_pb_section fb_built=&#8220;1&#8243; _builder_version=&#8220;4.23&#8243; _module_preset=&#8220;default&#8220; locked=&#8220;off&#8220; global_colors_info=&#8220;{}&#8220;][et_pb_row column_structure=&#8220;1_2,1_2&#8243; _builder_version=&#8220;4.23&#8243; _module_preset=&#8220;default&#8220; global_colors_info=&#8220;{}&#8220;][et_pb_column type=&#8220;1_2&#8243; _builder_version=&#8220;4.23&#8243; _module_preset=&#8220;default&#8220; global_colors_info=&#8220;{}&#8220;][et_pb_icon font_icon=&#8220;&#x23;||divi||400&#8243; icon_width=&#8220;28px&#8220; align=&#8220;left&#8220; _builder_version=&#8220;4.23&#8243; _module_preset=&#8220;default&#8220; custom_margin=&#8220;0px||0px||true|false&#8220; global_colors_info=&#8220;{}&#8220;][\/et_pb_icon][et_pb_text _builder_version=&#8220;4.23&#8243; _dynamic_attributes=&#8220;link_option_url&#8220; _module_preset=&#8220;default&#8220; text_text_color=&#8220;#E83F58&#8243; text_font_size=&#8220;14px&#8220; text_line_height=&#8220;1em&#8220; link_option_url=&#8220;@ET-DC@eyJkeW5hbWljIjp0cnVlLCJjb250ZW50IjoicG9zdF9saW5rX3VybF9wYWdlIiwic2V0dGluZ3MiOnsicG9zdF9pZCI6IjQ2In19@&#8220; global_colors_info=&#8220;{}&#8220;]<\/p>\n<p>Rechtsanwaltskanzlei<\/p>\n<p>[\/et_pb_text][\/et_pb_column][et_pb_column type=&#8220;1_2&#8243; _builder_version=&#8220;4.23&#8243; _module_preset=&#8220;default&#8220; global_colors_info=&#8220;{}&#8220;][et_pb_icon font_icon=&#8220;&#x24;||divi||400&#8243; icon_width=&#8220;28px&#8220; align=&#8220;right&#8220; _builder_version=&#8220;4.23&#8243; _module_preset=&#8220;default&#8220; custom_margin=&#8220;0px||0px||true|false&#8220; global_colors_info=&#8220;{}&#8220;][\/et_pb_icon][et_pb_text _builder_version=&#8220;4.23&#8243; _dynamic_attributes=&#8220;link_option_url&#8220; _module_preset=&#8220;default&#8220; text_text_color=&#8220;#E83F58&#8243; text_font_size=&#8220;14px&#8220; text_line_height=&#8220;1em&#8220; link_option_url=&#8220;@ET-DC@eyJkeW5hbWljIjp0cnVlLCJjb250ZW50IjoicG9zdF9saW5rX3VybF9wYWdlIiwic2V0dGluZ3MiOnsicG9zdF9pZCI6IjQ4In19@&#8220; global_colors_info=&#8220;{}&#8220;]<\/p>\n<p style=\"text-align: right;\">Kooperationspartner<\/p>\n<p>[\/et_pb_text][\/et_pb_column][\/et_pb_row][\/et_pb_section]<\/p>\n","protected":false},"excerpt":{"rendered":"<p>Rechtsanw\u00e4lteWOLFGANG SCHMID Rechtsanwalt Fachanwalt f\u00fcr ArbeitsrechtFachanwalt f\u00fcr VerkehrsrechtADAC-Vertragsanwalt &nbsp;1991 1. Juristisches Staatsexamen in M\u00fcnchen 1993 \/ 1994 Referendariat mit Auslandswahlstation in San Diego, CA, USA, Kanzlei Mathews, Bergen, Grier 1994 2. Juristisches Staatsexamen in M\u00fcnchen 1994 \/ 1995 Rechtsanwalt in der Kanzlei Vogt, Braun, Kobold in M\u00fcnchen 1995 \/ 1997 Rechtsanwalt in der Kanzlei Holztrattner [&hellip;]<\/p>\n","protected":false},"author":1,"featured_media":0,"parent":80,"menu_order":0,"comment_status":"closed","ping_status":"closed","template":"","meta":{"_et_pb_use_builder":"on","_et_pb_old_content":"","_et_gb_content_width":"","footnotes":""},"class_list":["post-47","page","type-page","status-publish","hentry"],"aioseo_notices":[],"_links":{"self":[{"href":"https:\/\/holztrattner-schmid.de\/home\/wp-json\/wp\/v2\/pages\/47","targetHints":{"allow":["GET"]}}],"collection":[{"href":"https:\/\/holztrattner-schmid.de\/home\/wp-json\/wp\/v2\/pages"}],"about":[{"href":"https:\/\/holztrattner-schmid.de\/home\/wp-json\/wp\/v2\/types\/page"}],"author":[{"embeddable":true,"href":"https:\/\/holztrattner-schmid.de\/home\/wp-json\/wp\/v2\/users\/1"}],"replies":[{"embeddable":true,"href":"https:\/\/holztrattner-schmid.de\/home\/wp-json\/wp\/v2\/comments?post=47"}],"version-history":[{"count":25,"href":"https:\/\/holztrattner-schmid.de\/home\/wp-json\/wp\/v2\/pages\/47\/revisions"}],"predecessor-version":[{"id":823,"href":"https:\/\/holztrattner-schmid.de\/home\/wp-json\/wp\/v2\/pages\/47\/revisions\/823"}],"up":[{"embeddable":true,"href":"https:\/\/holztrattner-schmid.de\/home\/wp-json\/wp\/v2\/pages\/80"}],"wp:attachment":[{"href":"https:\/\/holztrattner-schmid.de\/home\/wp-json\/wp\/v2\/media?parent=47"}],"curies":[{"name":"wp","href":"https:\/\/api.w.org\/{rel}","templated":true}]}}