{"id":46,"date":"2023-11-02T14:13:28","date_gmt":"2023-11-02T13:13:28","guid":{"rendered":"http:\/\/holztrattner-schmid.de\/home\/?page_id=46"},"modified":"2024-05-28T12:40:47","modified_gmt":"2024-05-28T10:40:47","slug":"rechtsanwaltskanzlei","status":"publish","type":"page","link":"https:\/\/holztrattner-schmid.de\/home\/ueber-uns\/rechtsanwaltskanzlei\/","title":{"rendered":"Rechtsanwaltskanzlei"},"content":{"rendered":"<p>[et_pb_section fb_built=&#8220;1&#8243; _builder_version=&#8220;4.23&#8243; _module_preset=&#8220;default&#8220; global_colors_info=&#8220;{}&#8220;][et_pb_row use_custom_gutter=&#8220;on&#8220; gutter_width=&#8220;1&#8243; _builder_version=&#8220;4.23&#8243; _module_preset=&#8220;default&#8220; z_index=&#8220;1&#8243; width=&#8220;100%&#8220; width_tablet=&#8220;100%&#8220; width_phone=&#8220;&#8220; width_last_edited=&#8220;on|phone&#8220; max_width=&#8220;100%&#8220; sticky_position=&#8220;top&#8220; background_color_phone=&#8220;#FFFFFF&#8220; background_last_edited=&#8220;on|phone&#8220; background_enable_color_phone=&#8220;on&#8220; global_colors_info=&#8220;{}&#8220; background__sticky_enabled=&#8220;off|desktop&#8220;][et_pb_column type=&#8220;4_4&#8243; _builder_version=&#8220;4.23&#8243; _module_preset=&#8220;default&#8220; custom_padding=&#8220;||||false|false&#8220; global_colors_info=&#8220;{}&#8220;][et_pb_text _builder_version=&#8220;4.23&#8243; _module_preset=&#8220;default&#8220; header_2_font=&#8220;|800||on|||||&#8220; header_2_text_align=&#8220;center&#8220; header_2_text_color=&#8220;#E83F58&#8243; header_2_font_size=&#8220;8.7vw&#8220; custom_margin=&#8220;||||false|false&#8220; custom_margin_tablet=&#8220;||||false|false&#8220; custom_margin_phone=&#8220;||||false|false&#8220; custom_margin_last_edited=&#8220;on|desktop&#8220; hover_transition_duration=&#8220;500ms&#8220; sticky_position=&#8220;top&#8220; header_2_font_size_tablet=&#8220;10.5vw&#8220; header_2_font_size_phone=&#8220;11vw&#8220; header_2_font_size_last_edited=&#8220;on|phone&#8220; header_2_text_shadow_style=&#8220;preset2&#8243; header_2_text_shadow_blur_strength=&#8220;0.1em&#8220; header_2_text_shadow_color=&#8220;rgba(232,63,88,0.2)&#8220; global_colors_info=&#8220;{}&#8220; header_2_text_color__sticky_enabled=&#8220;on|sticky&#8220; header_2_text_color__sticky=&#8220;#FFFFFF&#8220; custom_margin__sticky_enabled=&#8220;on|sticky&#8220; custom_margin__sticky=&#8220;|||-20%|false|false&#8220;]<\/p>\n<h2>DIE KANZLEI<\/h2>\n<p>[\/et_pb_text][\/et_pb_column][\/et_pb_row][et_pb_row use_custom_gutter=&#8220;on&#8220; gutter_width=&#8220;1&#8243; _builder_version=&#8220;4.23&#8243; _module_preset=&#8220;default&#8220; z_index=&#8220;1&#8243; width=&#8220;100%&#8220; max_width=&#8220;100%&#8220; mix_blend_mode=&#8220;multiply&#8220; global_colors_info=&#8220;{}&#8220;][et_pb_column type=&#8220;4_4&#8243; _builder_version=&#8220;4.23&#8243; _module_preset=&#8220;default&#8220; global_colors_info=&#8220;{}&#8220;][et_pb_text _builder_version=&#8220;4.23&#8243; _module_preset=&#8220;default&#8220; width=&#8220;64%&#8220; width_tablet=&#8220;80%&#8220; width_phone=&#8220;79%&#8220; width_last_edited=&#8220;on|phone&#8220; module_alignment=&#8220;center&#8220; global_colors_info=&#8220;{}&#8220;]<\/p>\n<h3>wurde 1991 gegr\u00fcndet.<\/h3>\n<p>&nbsp;<\/p>\n<p><span>Wir sind ein modernes Dienstleistungsunternehmen und beraten vorwiegend mittelst\u00e4ndische Unternehmen, Freiberufler und Privatpersonen auf ausgew\u00e4hlten Gebieten des Zivil- und Strafrechts.<\/span><br \/><span>T\u00e4tigkeitsschwerpunkte unserer Kanzlei sind das Arbeitsrecht, das Erb- und Familienrecht, das Strafrecht sowie das Verkehrsrecht (einschlie\u00dflich des Verkehrsstraf- und Ordnungswidrigkeitenrechts).<\/span><br \/><span>Durch besondere Kenntnisse auf diesen Gebieten, die wir unter anderem durch den Besuch von Fachanwaltslehrg\u00e4ngen erworben haben, wird Ihnen eine optimale Beratungsqualit\u00e4t geboten.<\/span><\/p>\n<p>[\/et_pb_text][\/et_pb_column][\/et_pb_row][\/et_pb_section][et_pb_section fb_built=&#8220;1&#8243; fullwidth=&#8220;on&#8220; _builder_version=&#8220;4.23&#8243; _module_preset=&#8220;default&#8220; background_image=&#8220;https:\/\/holztrattner-schmid.de\/home\/wp-content\/uploads\/2024\/01\/Kanzlei.jpg&#8220; parallax=&#8220;on&#8220; z_index=&#8220;1&#8243; custom_padding=&#8220;300px||300px||false|false&#8220; mix_blend_mode=&#8220;multiply&#8220; global_colors_info=&#8220;{}&#8220;][\/et_pb_section][et_pb_section fb_built=&#8220;1&#8243; _builder_version=&#8220;4.23&#8243; _module_preset=&#8220;default&#8220; global_colors_info=&#8220;{}&#8220;][et_pb_row _builder_version=&#8220;4.23&#8243; _module_preset=&#8220;default&#8220; global_colors_info=&#8220;{}&#8220;][et_pb_column type=&#8220;4_4&#8243; _builder_version=&#8220;4.23&#8243; _module_preset=&#8220;default&#8220; global_colors_info=&#8220;{}&#8220;][et_pb_text _builder_version=&#8220;4.23&#8243; _module_preset=&#8220;default&#8220; global_colors_info=&#8220;{}&#8220;]<\/p>\n<p>Daneben haben wir f\u00fcr die zahlreich von uns vertretenen Unternehmen das System zur Durchsetzung von Aussenst\u00e4nden optimiert, so da\u00df hier auf schnellstem Wege Forderungen effektiv durchgesetzt werden k\u00f6nnen.<\/p>\n<p>Bei Bedarf werden Kooperationspartner hinzugezogen. Mit spezialisierten Kollegen, kompetenten Steuerkanzleien und Notaren bieten wir weitreichende und profunde Beratungsleistungen. Durch die Zusammenarbeit mit ausl\u00e4ndischen Kollegen k\u00f6nnen auch grenz\u00fcberschreitende Sachverhalte juristisch bearbeitet werden.<\/p>\n<p>[\/et_pb_text][\/et_pb_column][\/et_pb_row][\/et_pb_section][et_pb_section fb_built=&#8220;1&#8243; _builder_version=&#8220;4.23&#8243; _module_preset=&#8220;default&#8220; global_colors_info=&#8220;{}&#8220; locked=&#8220;off&#8220;][et_pb_row _builder_version=&#8220;4.23&#8243; _module_preset=&#8220;default&#8220; column_structure=&#8220;1_2,1_2&#8243;][et_pb_column _builder_version=&#8220;4.23&#8243; _module_preset=&#8220;default&#8220; type=&#8220;1_2&#8243;][et_pb_icon _builder_version=&#8220;4.23&#8243; _module_preset=&#8220;default&#8220; font_icon=&#8220;&#x23;||divi||400&#8243; align=&#8220;left&#8220; icon_width=&#8220;28px&#8220; hover_enabled=&#8220;0&#8243; sticky_enabled=&#8220;0&#8243; custom_margin=&#8220;0px||0px||true|false&#8220;][\/et_pb_icon][et_pb_text _builder_version=&#8220;4.23&#8243; _module_preset=&#8220;default&#8220; text_text_color=&#8220;#E83F58&#8243; text_font_size=&#8220;14px&#8220; text_line_height=&#8220;1em&#8220; hover_enabled=&#8220;0&#8243; sticky_enabled=&#8220;0&#8243; link_option_url=&#8220;@ET-DC@eyJkeW5hbWljIjp0cnVlLCJjb250ZW50IjoicG9zdF9saW5rX3VybF9wYWdlIiwic2V0dGluZ3MiOnsicG9zdF9pZCI6IjQ4In19@&#8220; _dynamic_attributes=&#8220;link_option_url&#8220;]<\/p>\n<p>Kooperationspartner<\/p>\n<p>[\/et_pb_text][\/et_pb_column][et_pb_column _builder_version=&#8220;4.23&#8243; _module_preset=&#8220;default&#8220; type=&#8220;1_2&#8243;][et_pb_icon _builder_version=&#8220;4.23&#8243; _module_preset=&#8220;default&#8220; font_icon=&#8220;&#x24;||divi||400&#8243; align=&#8220;right&#8220; icon_width=&#8220;28px&#8220; hover_enabled=&#8220;0&#8243; sticky_enabled=&#8220;0&#8243; custom_margin=&#8220;0px||0px||true|false&#8220;][\/et_pb_icon][et_pb_text _builder_version=&#8220;4.23&#8243; _module_preset=&#8220;default&#8220; text_text_color=&#8220;#E83F58&#8243; text_font_size=&#8220;14px&#8220; text_line_height=&#8220;1em&#8220; hover_enabled=&#8220;0&#8243; sticky_enabled=&#8220;0&#8243; link_option_url=&#8220;@ET-DC@eyJkeW5hbWljIjp0cnVlLCJjb250ZW50IjoicG9zdF9saW5rX3VybF9wYWdlIiwic2V0dGluZ3MiOnsicG9zdF9pZCI6IjQ3In19@&#8220; _dynamic_attributes=&#8220;link_option_url&#8220;]<\/p>\n<p style=\"text-align: right;\">Rechtsanw\u00e4lte<\/p>\n<p>[\/et_pb_text][\/et_pb_column][\/et_pb_row][\/et_pb_section]<\/p>\n","protected":false},"excerpt":{"rendered":"<p>DIE KANZLEIwurde 1991 gegr\u00fcndet. &nbsp; Wir sind ein modernes Dienstleistungsunternehmen und beraten vorwiegend mittelst\u00e4ndische Unternehmen, Freiberufler und Privatpersonen auf ausgew\u00e4hlten Gebieten des Zivil- und Strafrechts.T\u00e4tigkeitsschwerpunkte unserer Kanzlei sind das Arbeitsrecht, das Erb- und Familienrecht, das Strafrecht sowie das Verkehrsrecht (einschlie\u00dflich des Verkehrsstraf- und Ordnungswidrigkeitenrechts).Durch besondere Kenntnisse auf diesen Gebieten, die wir unter anderem durch den [&hellip;]<\/p>\n","protected":false},"author":1,"featured_media":0,"parent":80,"menu_order":0,"comment_status":"closed","ping_status":"closed","template":"","meta":{"_et_pb_use_builder":"on","_et_pb_old_content":"","_et_gb_content_width":"","footnotes":""},"class_list":["post-46","page","type-page","status-publish","hentry"],"aioseo_notices":[],"_links":{"self":[{"href":"https:\/\/holztrattner-schmid.de\/home\/wp-json\/wp\/v2\/pages\/46","targetHints":{"allow":["GET"]}}],"collection":[{"href":"https:\/\/holztrattner-schmid.de\/home\/wp-json\/wp\/v2\/pages"}],"about":[{"href":"https:\/\/holztrattner-schmid.de\/home\/wp-json\/wp\/v2\/types\/page"}],"author":[{"embeddable":true,"href":"https:\/\/holztrattner-schmid.de\/home\/wp-json\/wp\/v2\/users\/1"}],"replies":[{"embeddable":true,"href":"https:\/\/holztrattner-schmid.de\/home\/wp-json\/wp\/v2\/comments?post=46"}],"version-history":[{"count":8,"href":"https:\/\/holztrattner-schmid.de\/home\/wp-json\/wp\/v2\/pages\/46\/revisions"}],"predecessor-version":[{"id":622,"href":"https:\/\/holztrattner-schmid.de\/home\/wp-json\/wp\/v2\/pages\/46\/revisions\/622"}],"up":[{"embeddable":true,"href":"https:\/\/holztrattner-schmid.de\/home\/wp-json\/wp\/v2\/pages\/80"}],"wp:attachment":[{"href":"https:\/\/holztrattner-schmid.de\/home\/wp-json\/wp\/v2\/media?parent=46"}],"curies":[{"name":"wp","href":"https:\/\/api.w.org\/{rel}","templated":true}]}}