{"id":405,"date":"2023-12-07T12:47:23","date_gmt":"2023-12-07T11:47:23","guid":{"rendered":"http:\/\/holztrattner-schmid.de\/home\/?page_id=405"},"modified":"2025-03-25T15:04:57","modified_gmt":"2025-03-25T14:04:57","slug":"impressum","status":"publish","type":"page","link":"https:\/\/holztrattner-schmid.de\/home\/impressum\/","title":{"rendered":"Impressum"},"content":{"rendered":"<p>[et_pb_section fb_built=&#8220;1&#8243; _builder_version=&#8220;4.23&#8243; _module_preset=&#8220;default&#8220; global_colors_info=&#8220;{}&#8220;][et_pb_row use_custom_gutter=&#8220;on&#8220; gutter_width=&#8220;1&#8243; _builder_version=&#8220;4.23&#8243; _module_preset=&#8220;default&#8220; z_index=&#8220;1&#8243; width=&#8220;100%&#8220; max_width=&#8220;100%&#8220; mix_blend_mode=&#8220;multiply&#8220; global_colors_info=&#8220;{}&#8220;][et_pb_column type=&#8220;4_4&#8243; _builder_version=&#8220;4.23&#8243; _module_preset=&#8220;default&#8220; global_colors_info=&#8220;{}&#8220;][et_pb_text _builder_version=&#8220;4.23&#8243; _module_preset=&#8220;default&#8220; width=&#8220;71%&#8220; width_tablet=&#8220;80%&#8220; width_phone=&#8220;79%&#8220; width_last_edited=&#8220;on|desktop&#8220; module_alignment=&#8220;center&#8220; global_colors_info=&#8220;{}&#8220;]<\/p>\n<h2>IMPRESSUM<\/h2>\n<p>Anwaltskanzlei Holztrattner \/ Schmid<\/p>\n<p>Rechtsanwalt Wolfgang Schmid<\/p>\n<p>Otto-Wagner-Stra\u00dfe 2<br \/>82110 Germering<\/p>\n<p>Telefon (0 89) 89 45 96-30<br \/>Telefax (0 89) 89 45 96-31<br \/>E-Mail kanzlei@holztrattner-schmid.de<br \/>www.holztrattner-schmid.de<\/p>\n<p>Inhaber der Anwaltskanzlei Holztrattner\/Schmid ist Rechtsanwalt Wolfgang Schmid<\/p>\n<p>Dieser ist in Deutschland als Rechtsanwalt zugelassen und geh\u00f6rt folgender Rechtsanwaltskammer an:<\/p>\n<p>Rechtsanwaltskammer f\u00fcr den Oberlandesgerichtsbezirk M\u00fcnchen<br \/>Tal 33, 80331 M\u00fcnchen<br \/>Telefon: 089\/53 29 44-0<br \/>Telefax: 089\/53 29 44-28<br \/>E-Mail: info(at)rak-muenchen.de<br \/>www.rak-muenchen.de<\/p>\n<p>Berufsrechtliche Regelungen<br \/>(einzusehen unter der Rubrik \u201eInformationspflichten gem\u00e4\u00df \u00a75 TMG\u201c auf der Seite der Bundesrechtsanwaltskammer, www.brak.de):<\/p>\n<p>Bundesrechtsanwaltsordnung \u2013 BRAO<br \/>Berufsordnung \u2013 BORA<br \/>Fachanwaltsordnung \u2013 FAO<br \/>Standesregelung der Rechtsanw\u00e4lte in der Europ\u00e4ischen Gemeinschaft.<br \/>Rechtsanwaltsverg\u00fctungsgesetz \u2013 RVG<br \/>Berufsregeln der Rechtsanw\u00e4lte der Europ\u00e4ischen Gemeinschaft \u2013 CCBE<\/p>\n<p>Sitz der Kanzlei<br \/>Otto-Wagner-Stra\u00dfe 2<br \/>82110 Germering<br \/>Telefon (0 89) 89 45 96 30<br \/>Telefax (0 89) 89 45 96 31<br \/>E-Mail kanzlei@holztrattner-schmid.de<br \/>http:\/\/www.holztrattner-schmid.de<\/p>\n<p>USt-ID Nr. <span>DE403398710<\/span><\/p>\n<p>Verantwortlich i.S.v. \u00a7\u00a7 6, 8 TDG und \u00a7 6 MDStV ist<br \/>Rechtsanwalt Wolfgang Schmid<\/p>\n<p>Disclaimer<br \/>Die juristischen Inhalte dieses Internetauftitts wurden anhand der aktuellen Rechts- und Gesetzeslage sorgf\u00e4ltig zusammengestellt. Gleichwohl kann keine Gew\u00e4hr f\u00fcr die Richtigkeit und Vollst\u00e4ndigkeit der hier angebotenen Informationen \u00fcbernommen werden, wof\u00fcr um Verst\u00e4ndnis gebeten wird.<\/p>\n<p>Die hier angebotenen Informationen stellen auch keine rechtliche Beratung dar. Entscheidungen sind immer Einzelfall bezogen, zudem kann die Spruchpraxis der Gerichte regional unterschiedlich sein.<\/p>\n<p>Sofern Sie mit uns per E-Mail Kontakt aufnehmen wollen, bitten wir Sie zu beachten, dass aufgrund der technischen Rahmenbedingungen im Internet bei diesen Nachrichten die Vertraulichkeit nicht gew\u00e4hrleistet ist; E-Mails k\u00f6nnen auch durch Dritte ver\u00e4ndert werden oder verloren gehen.<br \/>Wir bitten Sie daher, uns auf diesem Wege keine vertraulichen Mitteilungen zu senden. Weiter bitten wir Sie zu beachten, dass aus vorgenannten Gr\u00fcnden eine Mandatsaufnahme keinesfalls per E-Mail, sondern nur schriftlich oder telefonisch erfolgen kann. E-Mails haben keine fristwahrende Wirkung.<\/p>\n<p>Urheberrechte<br \/>Inhalt, Struktur und Gestaltung dieser Website unterliegen unseren gewerblichen Schutzrechten (z.B. Marken- und Urheberrechte) oder im Einzelfall auch den Schutzrechten Dritter.<br \/>Es ist daher nicht gestattet, die Website im Ganzen oder in Teilen davon ohne vorherige schriftliche Zustimmung herunter zu laden, zu vervielf\u00e4ltigen oder sonstwie zu verbreiten.<br \/>Gestattet sind lediglich technisch bedingte Vervielf\u00e4ltigungen beim Browsen \u2013 soweit diese Handlung keinen wirtschaftlichen Zwecken dient \u2013 sowie die Vervielf\u00e4ltigung f\u00fcr den privaten Gebrauch.<\/p>\n<p>[\/et_pb_text][et_pb_text _builder_version=&#8220;4.27.0&#8243; _module_preset=&#8220;default&#8220; width=&#8220;71%&#8220; width_tablet=&#8220;80%&#8220; width_phone=&#8220;79%&#8220; width_last_edited=&#8220;on|desktop&#8220; module_alignment=&#8220;center&#8220; custom_margin=&#8220;100px||||false|false&#8220; global_colors_info=&#8220;{}&#8220;]<\/p>\n<p>Bilder: Christian Schmid; unsplash &#8211; Timon Studler, Chuttersnap, Roman Kraft, Mika Baumeister, Tingey, Adam Gritco, Darryl Low, iamos; pexels &#8211; Nikita Nikitin, Pixabay, Jonathan Petersson<\/p>\n<p>[\/et_pb_text][et_pb_text _builder_version=&#8220;4.23&#8243; _module_preset=&#8220;default&#8220; width=&#8220;71%&#8220; width_tablet=&#8220;80%&#8220; width_phone=&#8220;79%&#8220; width_last_edited=&#8220;on|desktop&#8220; module_alignment=&#8220;center&#8220; custom_margin=&#8220;100px||||false|false&#8220; global_colors_info=&#8220;{}&#8220;]<\/p>\n<p>Gestaltung\/Umsetzung: fuenffichten \u2014 visuelle Gestaltung<\/p>\n<p>[\/et_pb_text][\/et_pb_column][\/et_pb_row][\/et_pb_section]<\/p>\n","protected":false},"excerpt":{"rendered":"<p>IMPRESSUM Anwaltskanzlei Holztrattner \/ Schmid Rechtsanwalt Wolfgang Schmid Otto-Wagner-Stra\u00dfe 282110 Germering Telefon (0 89) 89 45 96-30Telefax (0 89) 89 45 96-31E-Mail kanzlei@holztrattner-schmid.dewww.holztrattner-schmid.de Inhaber der Anwaltskanzlei Holztrattner\/Schmid ist Rechtsanwalt Wolfgang Schmid Dieser ist in Deutschland als Rechtsanwalt zugelassen und geh\u00f6rt folgender Rechtsanwaltskammer an: Rechtsanwaltskammer f\u00fcr den Oberlandesgerichtsbezirk M\u00fcnchenTal 33, 80331 M\u00fcnchenTelefon: 089\/53 29 44-0Telefax: 089\/53 [&hellip;]<\/p>\n","protected":false},"author":1,"featured_media":0,"parent":0,"menu_order":0,"comment_status":"closed","ping_status":"closed","template":"","meta":{"_et_pb_use_builder":"on","_et_pb_old_content":"","_et_gb_content_width":"","footnotes":""},"class_list":["post-405","page","type-page","status-publish","hentry"],"aioseo_notices":[],"_links":{"self":[{"href":"https:\/\/holztrattner-schmid.de\/home\/wp-json\/wp\/v2\/pages\/405","targetHints":{"allow":["GET"]}}],"collection":[{"href":"https:\/\/holztrattner-schmid.de\/home\/wp-json\/wp\/v2\/pages"}],"about":[{"href":"https:\/\/holztrattner-schmid.de\/home\/wp-json\/wp\/v2\/types\/page"}],"author":[{"embeddable":true,"href":"https:\/\/holztrattner-schmid.de\/home\/wp-json\/wp\/v2\/users\/1"}],"replies":[{"embeddable":true,"href":"https:\/\/holztrattner-schmid.de\/home\/wp-json\/wp\/v2\/comments?post=405"}],"version-history":[{"count":7,"href":"https:\/\/holztrattner-schmid.de\/home\/wp-json\/wp\/v2\/pages\/405\/revisions"}],"predecessor-version":[{"id":887,"href":"https:\/\/holztrattner-schmid.de\/home\/wp-json\/wp\/v2\/pages\/405\/revisions\/887"}],"wp:attachment":[{"href":"https:\/\/holztrattner-schmid.de\/home\/wp-json\/wp\/v2\/media?parent=405"}],"curies":[{"name":"wp","href":"https:\/\/api.w.org\/{rel}","templated":true}]}}