{"id":39,"date":"2023-11-02T14:13:28","date_gmt":"2023-11-02T13:13:28","guid":{"rendered":"http:\/\/holztrattner-schmid.de\/home\/?page_id=39"},"modified":"2024-07-08T10:36:25","modified_gmt":"2024-07-08T08:36:25","slug":"arbeitsrecht","status":"publish","type":"page","link":"https:\/\/holztrattner-schmid.de\/home\/rechtsgebiete\/arbeitsrecht\/","title":{"rendered":"Arbeitsrecht"},"content":{"rendered":"<p>[et_pb_section fb_built=&#8220;1&#8243; _builder_version=&#8220;4.23&#8243; _module_preset=&#8220;default&#8220; global_colors_info=&#8220;{}&#8220;][et_pb_row use_custom_gutter=&#8220;on&#8220; gutter_width=&#8220;1&#8243; _builder_version=&#8220;4.23&#8243; _module_preset=&#8220;default&#8220; z_index=&#8220;1&#8243; width=&#8220;100%&#8220; width_tablet=&#8220;100%&#8220; width_phone=&#8220;&#8220; width_last_edited=&#8220;on|phone&#8220; max_width=&#8220;100%&#8220; sticky_position=&#8220;top&#8220; background_color_phone=&#8220;#FFFFFF&#8220; background_last_edited=&#8220;on|phone&#8220; background_enable_color_phone=&#8220;on&#8220; global_colors_info=&#8220;{}&#8220; background__sticky_enabled=&#8220;off|desktop&#8220;][et_pb_column type=&#8220;4_4&#8243; _builder_version=&#8220;4.23&#8243; _module_preset=&#8220;default&#8220; custom_padding=&#8220;||||false|false&#8220; global_colors_info=&#8220;{}&#8220;][et_pb_text _builder_version=&#8220;4.23&#8243; _module_preset=&#8220;default&#8220; header_2_font=&#8220;|800||on|||||&#8220; header_2_text_align=&#8220;center&#8220; header_2_text_color=&#8220;#E83F58&#8243; header_2_font_size=&#8220;8.7vw&#8220; custom_margin=&#8220;||||false|false&#8220; custom_margin_tablet=&#8220;||||false|false&#8220; custom_margin_phone=&#8220;||||false|false&#8220; custom_margin_last_edited=&#8220;on|desktop&#8220; hover_transition_duration=&#8220;500ms&#8220; sticky_position=&#8220;top&#8220; header_2_font_size_tablet=&#8220;10.5vw&#8220; header_2_font_size_phone=&#8220;11vw&#8220; header_2_font_size_last_edited=&#8220;on|phone&#8220; header_2_text_shadow_style=&#8220;preset2&#8243; header_2_text_shadow_color=&#8220;rgba(232,63,88,0.2)&#8220; global_colors_info=&#8220;{}&#8220; header_2_text_color__sticky_enabled=&#8220;on|sticky&#8220; header_2_text_color__sticky=&#8220;#FFFFFF&#8220; custom_margin__sticky_enabled=&#8220;on|sticky&#8220; custom_margin__sticky=&#8220;|||-20%|false|false&#8220;]<\/p>\n<h2>Arbeitsrecht<\/h2>\n<p>[\/et_pb_text][\/et_pb_column][\/et_pb_row][et_pb_row use_custom_gutter=&#8220;on&#8220; gutter_width=&#8220;1&#8243; _builder_version=&#8220;4.23&#8243; _module_preset=&#8220;default&#8220; z_index=&#8220;1&#8243; width=&#8220;100%&#8220; max_width=&#8220;100%&#8220; mix_blend_mode=&#8220;multiply&#8220; global_colors_info=&#8220;{}&#8220;][et_pb_column type=&#8220;4_4&#8243; _builder_version=&#8220;4.23&#8243; _module_preset=&#8220;default&#8220; global_colors_info=&#8220;{}&#8220;][et_pb_text _builder_version=&#8220;4.23&#8243; _module_preset=&#8220;default&#8220; width=&#8220;64%&#8220; width_tablet=&#8220;80%&#8220; width_phone=&#8220;79%&#8220; width_last_edited=&#8220;on|phone&#8220; module_alignment=&#8220;center&#8220; global_colors_info=&#8220;{}&#8220;]<\/p>\n<p>Die Kanzlei bietet eine professionelle Beratung und Vertretung sowohl f\u00fcr Arbeitgeber als auch Gesch\u00e4ftsf\u00fchrer, F\u00fchrungskr\u00e4fte und Arbeitnehmer auf allen Gebieten des Arbeitsrechts.<\/p>\n<p>Das Konzept der Kanzlei ist das vorausschauende Erarbeiten ma\u00dfgeschneideter Strategien um Konflikte m\u00f6glichst erst gar nicht entstehen zu lassen. In Krisensituationen erfahren Sie schnell und zuverl\u00e4ssig, wie Ihre Chancen stehen, und welche Vorgehensweise zielf\u00fchrend und auch wirtschaftlich ist. Grundlage f\u00fcr die effektive und kundenorientierte Beratung ist die Verbindung juristischer Kompetenz und langj\u00e4hriger praktischer Erfahrung.<\/p>\n<p>[\/et_pb_text][\/et_pb_column][\/et_pb_row][\/et_pb_section][et_pb_section fb_built=&#8220;1&#8243; fullwidth=&#8220;on&#8220; _builder_version=&#8220;4.23&#8243; _module_preset=&#8220;default&#8220; background_image=&#8220;https:\/\/holztrattner-schmid.de\/home\/wp-content\/uploads\/2024\/05\/arbeitsrecht2.jpg&#8220; parallax=&#8220;on&#8220; z_index=&#8220;1&#8243; custom_padding=&#8220;300px||300px||false|false&#8220; mix_blend_mode=&#8220;multiply&#8220; global_colors_info=&#8220;{}&#8220;][\/et_pb_section][et_pb_section fb_built=&#8220;1&#8243; _builder_version=&#8220;4.23&#8243; _module_preset=&#8220;default&#8220; global_colors_info=&#8220;{}&#8220;][et_pb_row _builder_version=&#8220;4.23&#8243; _module_preset=&#8220;default&#8220; global_colors_info=&#8220;{}&#8220;][et_pb_column type=&#8220;4_4&#8243; _builder_version=&#8220;4.23&#8243; _module_preset=&#8220;default&#8220; global_colors_info=&#8220;{}&#8220;][et_pb_text _builder_version=&#8220;4.23&#8243; _module_preset=&#8220;default&#8220; global_colors_info=&#8220;{}&#8220;]<\/p>\n<h3>Das Leistungsspektrum der Beratung und Proze\u00dfvertretung umfasst u.a.<\/h3>\n<p>[\/et_pb_text][\/et_pb_column][\/et_pb_row][et_pb_row column_structure=&#8220;1_3,1_3,1_3&#8243; _builder_version=&#8220;4.23&#8243; _module_preset=&#8220;default&#8220; global_colors_info=&#8220;{}&#8220;][et_pb_column type=&#8220;1_3&#8243; _builder_version=&#8220;4.23&#8243; _module_preset=&#8220;default&#8220; global_colors_info=&#8220;{}&#8220;][et_pb_text _builder_version=&#8220;4.23&#8243; _module_preset=&#8220;default&#8220; global_colors_info=&#8220;{}&#8220;]<\/p>\n<p><strong>f\u00fcr Arbeitgeber<\/strong><\/p>\n<p><strong><\/strong><\/p>\n<ul>\n<li>Gestaltung und Aktualisierung von Arbeitsvertr\u00e4gen<\/li>\n<li>Vorbereitung und Durchsetzung von K\u00fcndigungen und \u00c4nderungsk\u00fcndigungen<\/li>\n<li>Gestaltung und Verhandlung von Aufhebungsverg\u00fctungen<\/li>\n<li>Durchsetzung und Abwehr individual- und kollektivrechtlicher Anspr\u00fcche<\/li>\n<li>Inanspruchnahme flexibler Arbeitszeitmodelle und Verg\u00fctungsmodelle<\/li>\n<li>Umstrukturierung, Interessenausgleich, Sozialplan<\/li>\n<li>Kurzarbeit<\/li>\n<li>Gestaltung und Verhandlung von Betriebsvereinbarungen<\/li>\n<li>Vertretung vor Einigungsstellen<\/li>\n<li>Inhouse-Schulungen f\u00fcr Personalmanager und F\u00fchrungskr\u00e4fte (Die Themen werden auf Anfrage individuell auf die Bed\u00fcrfnisse des Mandanten abgestimmt)<\/li>\n<\/ul>\n<p>[\/et_pb_text][\/et_pb_column][et_pb_column type=&#8220;1_3&#8243; _builder_version=&#8220;4.23&#8243; _module_preset=&#8220;default&#8220; global_colors_info=&#8220;{}&#8220;][et_pb_text _builder_version=&#8220;4.23&#8243; _module_preset=&#8220;default&#8220; global_colors_info=&#8220;{}&#8220;]<\/p>\n<p><strong>f\u00fcr Gesch\u00e4ftsf\u00fchrer, F\u00fchrungskr\u00e4fte und Arbeitnehmer<\/strong><\/p>\n<p><strong><\/strong><\/p>\n<ul>\n<li>Gestaltung und Aktualisierung von Dienst- und Arbeitsvertr\u00e4gen<\/li>\n<li>Beratung und Vertretung bei der K\u00fcndigung und \u00c4nderungsk\u00fcndigung<\/li>\n<li>Arbeitnehmerschutzrechte<\/li>\n<li>Gestaltung und Verhandlung von Aufhebungsvertr\u00e4gen<\/li>\n<li>Erstellung und Verhandlung von Arbeitszeugnissen<\/li>\n<li>Teilzeitverlangen<\/li>\n<li>Abmahnungen<\/li>\n<li>Mutterschutz und Elternzeit<\/li>\n<li>Schutz schwerbehinderter Menschen<\/li>\n<li>Arbeitslosengeld \/ Insolvenzgeld<\/li>\n<li>Schadenersatz und Lohnforderungen<\/li>\n<li>Antidiskriminierungsgesetz<\/li>\n<\/ul>\n<p>[\/et_pb_text][\/et_pb_column][et_pb_column type=&#8220;1_3&#8243; _builder_version=&#8220;4.23&#8243; _module_preset=&#8220;default&#8220; global_colors_info=&#8220;{}&#8220;][et_pb_text _builder_version=&#8220;4.23&#8243; _module_preset=&#8220;default&#8220; global_colors_info=&#8220;{}&#8220;][\/et_pb_text][\/et_pb_column][\/et_pb_row][\/et_pb_section][et_pb_section fb_built=&#8220;1&#8243; _builder_version=&#8220;4.23&#8243; _module_preset=&#8220;default&#8220; custom_margin=&#8220;||100px||false|false&#8220; custom_padding=&#8220;0px||0px||false|false&#8220; global_colors_info=&#8220;{}&#8220;][et_pb_row _builder_version=&#8220;4.23&#8243; _module_preset=&#8220;default&#8220; custom_padding=&#8220;0px||0px||false|false&#8220; sticky_position=&#8220;top&#8220; sticky_limit_bottom=&#8220;section&#8220; hover_enabled=&#8220;0&#8243; background_color_phone=&#8220;RGBA(255,255,255,0)&#8220; background_last_edited=&#8220;on|phone&#8220; background_enable_color_phone=&#8220;on&#8220; global_colors_info=&#8220;{}&#8220; sticky_enabled=&#8220;0&#8243; sticky_position_last_edited=&#8220;on|desktop&#8220; sticky_position_phone=&#8220;none&#8220; sticky_position_tablet=&#8220;top&#8220;][et_pb_column type=&#8220;4_4&#8243; _builder_version=&#8220;4.23&#8243; _module_preset=&#8220;default&#8220; global_colors_info=&#8220;{}&#8220;][et_pb_text _builder_version=&#8220;4.23&#8243; _module_preset=&#8220;default&#8220; global_colors_info=&#8220;{}&#8220;]<\/p>\n<h3>Seminarveranstaltungen<\/h3>\n<p>[\/et_pb_text][\/et_pb_column][\/et_pb_row][et_pb_row column_structure=&#8220;1_3,2_3&#8243; _builder_version=&#8220;4.23&#8243; _module_preset=&#8220;default&#8220; custom_padding=&#8220;0px||0px||false|false&#8220; global_colors_info=&#8220;{}&#8220;][et_pb_column type=&#8220;1_3&#8243; _builder_version=&#8220;4.23&#8243; _module_preset=&#8220;default&#8220; global_colors_info=&#8220;{}&#8220;][\/et_pb_column][et_pb_column type=&#8220;2_3&#8243; _builder_version=&#8220;4.23&#8243; _module_preset=&#8220;default&#8220; global_colors_info=&#8220;{}&#8220;][et_pb_text _builder_version=&#8220;4.23&#8243; _module_preset=&#8220;default&#8220; global_colors_info=&#8220;{}&#8220;]<\/p>\n<p>Wir halten Vortr\u00e4ge f\u00fcr Arbeitnehmer und veranstalten regelm\u00e4\u00dfig Inhouse-Seminare f\u00fcr Arbeitgeber (Die Themen werden individuell auf die Bed\u00fcrfnisse des Mandanten abgestimmt)<\/p>\n<p><strong>Auswahl an aktuellen Seminarthemen<\/strong><\/p>\n<p><strong><\/strong><\/p>\n<ul>\n<li>Arbeitsrecht f\u00fcr F\u00fchrungskr\u00e4fte und Personalmanager<\/li>\n<li>Allgemeines Gleichbehandlungsgesetz<\/li>\n<li>Gestaltung von Arbeitsvertr\u00e4gen<\/li>\n<li>Variable Verg\u00fctungssysteme<\/li>\n<li>Flexible Arbeitszeitgestaltung<\/li>\n<li>Aufhebungsvertr\u00e4ge und Freistellung<\/li>\n<li>Outplacement<\/li>\n<li>Betriebsbedingte K\u00fcndigung<\/li>\n<li>Abmahnung und verhaltensbedingte K\u00fcndigung<\/li>\n<li>K\u00fcndigung wegen Krankheit<\/li>\n<li>Mutterschutz und Elternzeit<\/li>\n<li>Internet und E-Mail am Arbeitsplatz<\/li>\n<li>Beteiligungsrechte des Betriebsrats<\/li>\n<li>Einf\u00fchrung in das Betriebsverfassungsgesetz<\/li>\n<\/ul>\n<p>[\/et_pb_text][\/et_pb_column][\/et_pb_row][\/et_pb_section][et_pb_section fb_built=&#8220;1&#8243; _builder_version=&#8220;4.23&#8243; _module_preset=&#8220;default&#8220; custom_margin=&#8220;||100px||false|false&#8220; custom_padding=&#8220;0px||0px||false|false&#8220; global_colors_info=&#8220;{}&#8220;][et_pb_row _builder_version=&#8220;4.23&#8243; _module_preset=&#8220;default&#8220; custom_padding=&#8220;0px||0px||false|false&#8220; sticky_position=&#8220;top&#8220; sticky_limit_bottom=&#8220;section&#8220; hover_enabled=&#8220;0&#8243; global_colors_info=&#8220;{}&#8220; sticky_enabled=&#8220;0&#8243; sticky_position_last_edited=&#8220;on|phone&#8220; sticky_position_phone=&#8220;none&#8220; sticky_position_tablet=&#8220;top&#8220;][et_pb_column type=&#8220;4_4&#8243; _builder_version=&#8220;4.23&#8243; _module_preset=&#8220;default&#8220; global_colors_info=&#8220;{}&#8220;][et_pb_text _builder_version=&#8220;4.23&#8243; _module_preset=&#8220;default&#8220; global_colors_info=&#8220;{}&#8220;]<\/p>\n<h3>Wichtige Fristen<\/h3>\n<p>[\/et_pb_text][\/et_pb_column][\/et_pb_row][et_pb_row column_structure=&#8220;1_3,2_3&#8243; _builder_version=&#8220;4.23&#8243; _module_preset=&#8220;default&#8220; custom_padding=&#8220;0px||0px||false|false&#8220; global_colors_info=&#8220;{}&#8220;][et_pb_column type=&#8220;1_3&#8243; _builder_version=&#8220;4.23&#8243; _module_preset=&#8220;default&#8220; global_colors_info=&#8220;{}&#8220;][\/et_pb_column][et_pb_column type=&#8220;2_3&#8243; _builder_version=&#8220;4.23&#8243; _module_preset=&#8220;default&#8220; global_colors_info=&#8220;{}&#8220;][et_pb_text _builder_version=&#8220;4.23&#8243; _module_preset=&#8220;default&#8220; global_colors_info=&#8220;{}&#8220;]<\/p>\n<p>Wird das Arbeitsverh\u00e4ltnis durch eine K\u00fcndigung des Arbeitgebers beendet, ist es f\u00fcr den Arbeitnehmer wichtig, unverz\u00fcglich rechtskundigen Beistand einzuholen. Beabsichtigt der Arbeitnehmer gegen die K\u00fcndigung vorzugehen, hat er regelm\u00e4\u00dfig innerhalb von drei Wochen ab Zugang der K\u00fcndigung Klage beim zust\u00e4ndigen Arbeitsgericht zu erheben.<\/p>\n<p>Liegt ein Fehlverhalten des Arbeitnehmers vor, das den Arbeitgeber zu einer fristlosen, au\u00dferordentlichen K\u00fcndigung des Arbeitsverh\u00e4ltnisses berechtigt, kann die K\u00fcndigung nur innerhalb von zwei Wochen erfolgen. Die Frist beginnt mit dem Zeitpunkt in dem der Arbeitgeber von den ma\u00dfgebenden Tatsachen Kenntnis erlangt.<\/p>\n<p>[\/et_pb_text][\/et_pb_column][\/et_pb_row][\/et_pb_section][et_pb_section fb_built=&#8220;1&#8243; _builder_version=&#8220;4.23&#8243; _module_preset=&#8220;default&#8220; custom_margin=&#8220;||100px||false|false&#8220; custom_padding=&#8220;0px||0px||false|false&#8220; global_colors_info=&#8220;{}&#8220;][et_pb_row _builder_version=&#8220;4.23&#8243; _module_preset=&#8220;default&#8220; custom_padding=&#8220;0px||0px||false|false&#8220; sticky_position=&#8220;top&#8220; sticky_limit_bottom=&#8220;section&#8220; hover_enabled=&#8220;0&#8243; global_colors_info=&#8220;{}&#8220; sticky_enabled=&#8220;0&#8243; sticky_position_last_edited=&#8220;on|phone&#8220; sticky_position_phone=&#8220;none&#8220; sticky_position_tablet=&#8220;top&#8220;][et_pb_column type=&#8220;4_4&#8243; _builder_version=&#8220;4.23&#8243; _module_preset=&#8220;default&#8220; global_colors_info=&#8220;{}&#8220;][et_pb_text _builder_version=&#8220;4.23&#8243; _module_preset=&#8220;default&#8220; global_colors_info=&#8220;{}&#8220;]<\/p>\n<h3>Arbeitsrecht in K\u00fcrze<\/h3>\n<p>[\/et_pb_text][\/et_pb_column][\/et_pb_row][et_pb_row column_structure=&#8220;1_3,2_3&#8243; _builder_version=&#8220;4.23&#8243; _module_preset=&#8220;default&#8220; custom_padding=&#8220;0px||||false|false&#8220; global_colors_info=&#8220;{}&#8220;][et_pb_column type=&#8220;1_3&#8243; _builder_version=&#8220;4.23&#8243; _module_preset=&#8220;default&#8220; global_colors_info=&#8220;{}&#8220;][\/et_pb_column][et_pb_column type=&#8220;2_3&#8243; _builder_version=&#8220;4.23&#8243; _module_preset=&#8220;default&#8220; global_colors_info=&#8220;{}&#8220;][et_pb_text _builder_version=&#8220;4.23&#8243; _module_preset=&#8220;default&#8220; global_colors_info=&#8220;{}&#8220;]<\/p>\n<p><strong>Anspruch auf Abfindung?<\/strong><\/p>\n<p>Vielfach unterliegen Arbeitnehmer dem Irrtum, dass sie im Falle einer K\u00fcndigung immer einen \u201eAnspruch auf Abfindung\u201c h\u00e4tten. Dies ist unrichtig. Ein genereller Anspruch auf Abfindung ist vom Gesetzgeber so nicht vorgesehen. Es ist jedoch m\u00f6glich, eine Abfindung als Entsch\u00e4digung f\u00fcr den Verlust des Arbeitsplatzes individualvertraglich auszuhandeln.<\/p>\n<p>Derartige Vereinbarungen werden meist in Form von Aufhebungs- oder Abwicklungsvertr\u00e4gen, teilweise au\u00dfergerichtlich, in \u00fcberwiegender Anzahl jedoch vor Gericht geschlossen.<\/p>\n<p>&nbsp;<\/p>\n<p><strong>Abwicklungs- bzw. Aufhebungsvertr\u00e4ge<\/strong><\/p>\n<p>Gerade die au\u00dfergerichtliche Aufhebung bzw. Abwicklung von Arbeitsvertr\u00e4gen birgt erhebliche Risiken sowohl f\u00fcr den Arbeitgeber als auch f\u00fcr den Arbeitnehmer in sich. Problemkreise wie die Verh\u00e4ngung einer Sperrfrist f\u00fcr die Erlangung des Arbeitslosengeldes, die Verk\u00fcrzung des Zeitraumes der Gew\u00e4hrung des Arbeitslosengeldes, die Anrechnung von Urlaubsabgeltungsanspr\u00fcchen auf das Arbeitslosengeld, zeigen auszugsweise Fallen auf, die es zu vermeiden gilt.<\/p>\n<p>&nbsp;<\/p>\n<p><strong>Die G\u00fcteverhandlung<\/strong><\/p>\n<p>Die weitaus gr\u00f6\u00dfte Anzahl der gerichtlich anh\u00e4ngigen Rechtsstreitigkeiten wird im G\u00fctetermin vergleichsweise beigelegt. Da bei einem solchen Termin zumeist auch \u00fcber die H\u00f6he einer etwaigen Ausgleichszahlung verhandelt wird, ist eine umfassende Vorbesprechung mit dem Mandanten unbedingt erforderlich.<br \/>Da wir sowohl Arbeitgeber als auch Arbeitnehmer vertreten, ist uns die zu erwartende Argumentation des jeweiligen Verfahrensgegners nicht fremd.<\/p>\n<p>[\/et_pb_text][\/et_pb_column][\/et_pb_row][\/et_pb_section][et_pb_section fb_built=&#8220;1&#8243; _builder_version=&#8220;4.23&#8243; _module_preset=&#8220;default&#8220; global_colors_info=&#8220;{}&#8220;][et_pb_row column_structure=&#8220;1_2,1_2&#8243; _builder_version=&#8220;4.23&#8243; _module_preset=&#8220;default&#8220; global_colors_info=&#8220;{}&#8220;][et_pb_column type=&#8220;1_2&#8243; _builder_version=&#8220;4.23&#8243; _module_preset=&#8220;default&#8220; global_colors_info=&#8220;{}&#8220;][et_pb_icon font_icon=&#8220;&#x23;||divi||400&#8243; icon_width=&#8220;28px&#8220; align=&#8220;left&#8220; _builder_version=&#8220;4.23&#8243; _module_preset=&#8220;default&#8220; custom_margin=&#8220;0px||0px||true|false&#8220; global_colors_info=&#8220;{}&#8220;][\/et_pb_icon][et_pb_text _builder_version=&#8220;4.23&#8243; _dynamic_attributes=&#8220;link_option_url&#8220; _module_preset=&#8220;default&#8220; text_text_color=&#8220;#E83F58&#8243; text_font_size=&#8220;14px&#8220; text_line_height=&#8220;1em&#8220; link_option_url=&#8220;@ET-DC@eyJkeW5hbWljIjp0cnVlLCJjb250ZW50IjoicG9zdF9saW5rX3VybF9wYWdlIiwic2V0dGluZ3MiOnsicG9zdF9pZCI6IjQ1In19@&#8220; global_colors_info=&#8220;{}&#8220;]<\/p>\n<p>Verkehrsrecht<\/p>\n<p>[\/et_pb_text][\/et_pb_column][et_pb_column type=&#8220;1_2&#8243; _builder_version=&#8220;4.23&#8243; _module_preset=&#8220;default&#8220; global_colors_info=&#8220;{}&#8220;][et_pb_icon font_icon=&#8220;&#x24;||divi||400&#8243; icon_width=&#8220;28px&#8220; align=&#8220;right&#8220; _builder_version=&#8220;4.23&#8243; _module_preset=&#8220;default&#8220; custom_margin=&#8220;0px||0px||true|false&#8220; global_colors_info=&#8220;{}&#8220;][\/et_pb_icon][et_pb_text _builder_version=&#8220;4.23&#8243; _dynamic_attributes=&#8220;link_option_url&#8220; _module_preset=&#8220;default&#8220; text_text_color=&#8220;#E83F58&#8243; text_font_size=&#8220;14px&#8220; text_line_height=&#8220;1em&#8220; link_option_url=&#8220;@ET-DC@eyJkeW5hbWljIjp0cnVlLCJjb250ZW50IjoicG9zdF9saW5rX3VybF9wYWdlIiwic2V0dGluZ3MiOnsicG9zdF9pZCI6IjQyIn19@&#8220; global_colors_info=&#8220;{}&#8220;]<\/p>\n<p style=\"text-align: right;\">Erbrecht<\/p>\n<p>[\/et_pb_text][\/et_pb_column][\/et_pb_row][\/et_pb_section]<\/p>\n","protected":false},"excerpt":{"rendered":"<p>ArbeitsrechtDie Kanzlei bietet eine professionelle Beratung und Vertretung sowohl f\u00fcr Arbeitgeber als auch Gesch\u00e4ftsf\u00fchrer, F\u00fchrungskr\u00e4fte und Arbeitnehmer auf allen Gebieten des Arbeitsrechts. Das Konzept der Kanzlei ist das vorausschauende Erarbeiten ma\u00dfgeschneideter Strategien um Konflikte m\u00f6glichst erst gar nicht entstehen zu lassen. In Krisensituationen erfahren Sie schnell und zuverl\u00e4ssig, wie Ihre Chancen stehen, und welche Vorgehensweise [&hellip;]<\/p>\n","protected":false},"author":1,"featured_media":0,"parent":78,"menu_order":0,"comment_status":"closed","ping_status":"closed","template":"","meta":{"_et_pb_use_builder":"on","_et_pb_old_content":"","_et_gb_content_width":"","footnotes":""},"class_list":["post-39","page","type-page","status-publish","hentry"],"aioseo_notices":[],"_links":{"self":[{"href":"https:\/\/holztrattner-schmid.de\/home\/wp-json\/wp\/v2\/pages\/39","targetHints":{"allow":["GET"]}}],"collection":[{"href":"https:\/\/holztrattner-schmid.de\/home\/wp-json\/wp\/v2\/pages"}],"about":[{"href":"https:\/\/holztrattner-schmid.de\/home\/wp-json\/wp\/v2\/types\/page"}],"author":[{"embeddable":true,"href":"https:\/\/holztrattner-schmid.de\/home\/wp-json\/wp\/v2\/users\/1"}],"replies":[{"embeddable":true,"href":"https:\/\/holztrattner-schmid.de\/home\/wp-json\/wp\/v2\/comments?post=39"}],"version-history":[{"count":32,"href":"https:\/\/holztrattner-schmid.de\/home\/wp-json\/wp\/v2\/pages\/39\/revisions"}],"predecessor-version":[{"id":794,"href":"https:\/\/holztrattner-schmid.de\/home\/wp-json\/wp\/v2\/pages\/39\/revisions\/794"}],"up":[{"embeddable":true,"href":"https:\/\/holztrattner-schmid.de\/home\/wp-json\/wp\/v2\/pages\/78"}],"wp:attachment":[{"href":"https:\/\/holztrattner-schmid.de\/home\/wp-json\/wp\/v2\/media?parent=39"}],"curies":[{"name":"wp","href":"https:\/\/api.w.org\/{rel}","templated":true}]}}