{"id":200,"date":"2023-11-02T20:54:18","date_gmt":"2023-11-02T19:54:18","guid":{"rendered":"http:\/\/holztrattner-schmid.de\/home\/?page_id=200"},"modified":"2024-07-08T10:45:56","modified_gmt":"2024-07-08T08:45:56","slug":"faq","status":"publish","type":"page","link":"https:\/\/holztrattner-schmid.de\/home\/service\/faq\/","title":{"rendered":"FAQ"},"content":{"rendered":"<p>[et_pb_section fb_built=&#8220;1&#8243; _builder_version=&#8220;4.23&#8243; _module_preset=&#8220;default&#8220; global_colors_info=&#8220;{}&#8220;][et_pb_row use_custom_gutter=&#8220;on&#8220; gutter_width=&#8220;1&#8243; _builder_version=&#8220;4.23&#8243; _module_preset=&#8220;default&#8220; z_index=&#8220;1&#8243; width=&#8220;100%&#8220; width_tablet=&#8220;100%&#8220; width_phone=&#8220;&#8220; width_last_edited=&#8220;on|phone&#8220; max_width=&#8220;100%&#8220; sticky_position=&#8220;top&#8220; background_color_phone=&#8220;#FFFFFF&#8220; background_last_edited=&#8220;on|phone&#8220; background_enable_color_phone=&#8220;on&#8220; global_colors_info=&#8220;{}&#8220; background__sticky_enabled=&#8220;off|desktop&#8220;][et_pb_column type=&#8220;4_4&#8243; _builder_version=&#8220;4.23&#8243; _module_preset=&#8220;default&#8220; custom_padding=&#8220;||||false|false&#8220; global_colors_info=&#8220;{}&#8220;][et_pb_text _builder_version=&#8220;4.23&#8243; _module_preset=&#8220;default&#8220; header_2_font=&#8220;|800||on|||||&#8220; header_2_text_align=&#8220;center&#8220; header_2_text_color=&#8220;#E83F58&#8243; header_2_font_size=&#8220;5.7vw&#8220; custom_margin=&#8220;||||false|false&#8220; custom_margin_tablet=&#8220;||||false|false&#8220; custom_margin_phone=&#8220;||||false|false&#8220; custom_margin_last_edited=&#8220;on|desktop&#8220; hover_transition_duration=&#8220;500ms&#8220; sticky_position=&#8220;top&#8220; header_2_font_size_tablet=&#8220;7.1vw&#8220; header_2_font_size_phone=&#8220;7vw&#8220; header_2_font_size_last_edited=&#8220;on|phone&#8220; header_2_text_shadow_style=&#8220;preset2&#8243; header_2_text_shadow_blur_strength=&#8220;0.1em&#8220; header_2_text_shadow_color=&#8220;rgba(232,63,88,0.2)&#8220; global_colors_info=&#8220;{}&#8220; header_2_text_color__sticky_enabled=&#8220;on|sticky&#8220; header_2_text_color__sticky=&#8220;#FFFFFF&#8220; custom_margin__sticky_enabled=&#8220;on|sticky&#8220; custom_margin__sticky=&#8220;|||-20%|false|false&#8220;]<\/p>\n<h2>H\u00e4ufige Fragen (FAQ)<\/h2>\n<p>[\/et_pb_text][\/et_pb_column][\/et_pb_row][et_pb_row use_custom_gutter=&#8220;on&#8220; gutter_width=&#8220;1&#8243; _builder_version=&#8220;4.23&#8243; _module_preset=&#8220;default&#8220; z_index=&#8220;1&#8243; width=&#8220;100%&#8220; max_width=&#8220;100%&#8220; mix_blend_mode=&#8220;multiply&#8220; global_colors_info=&#8220;{}&#8220;][et_pb_column type=&#8220;4_4&#8243; _builder_version=&#8220;4.23&#8243; _module_preset=&#8220;default&#8220; global_colors_info=&#8220;{}&#8220;][et_pb_text _builder_version=&#8220;4.23&#8243; _module_preset=&#8220;default&#8220; width=&#8220;64%&#8220; width_tablet=&#8220;80%&#8220; width_phone=&#8220;79%&#8220; width_last_edited=&#8220;on|phone&#8220; module_alignment=&#8220;center&#8220; custom_padding=&#8220;||2px|||&#8220; global_colors_info=&#8220;{}&#8220;]<\/p>\n<p>Hier finden Sie Antworten auf h\u00e4ufig gestellte Fragen zu allem rund um Rechtsberatung, Geb\u00fchren und vielem mehr.<\/p>\n<p>Bei weiteren Fragen, die nachfolgend (noch) nicht beantwortet werden, k\u00f6nnen Sie uns gerne pers\u00f6nlich kontaktieren.<\/p>\n<p>&nbsp;<\/p>\n<p>[\/et_pb_text][\/et_pb_column][\/et_pb_row][\/et_pb_section][et_pb_section fb_built=&#8220;1&#8243; fullwidth=&#8220;on&#8220; _builder_version=&#8220;4.23&#8243; _module_preset=&#8220;default&#8220; background_image=&#8220;https:\/\/holztrattner-schmid.de\/home\/wp-content\/uploads\/2024\/05\/faq2.jpg&#8220; parallax=&#8220;on&#8220; z_index=&#8220;1&#8243; custom_padding=&#8220;300px||300px||false|false&#8220; mix_blend_mode=&#8220;multiply&#8220; global_colors_info=&#8220;{}&#8220;][\/et_pb_section][et_pb_section fb_built=&#8220;1&#8243; _builder_version=&#8220;4.23&#8243; _module_preset=&#8220;default&#8220; custom_margin=&#8220;100px||100px||false|false&#8220; custom_padding=&#8220;0px||0px||false|false&#8220; global_colors_info=&#8220;{}&#8220;][et_pb_row _builder_version=&#8220;4.23&#8243; _module_preset=&#8220;default&#8220; custom_padding=&#8220;0px||0px||false|false&#8220; sticky_position=&#8220;top&#8220; sticky_limit_bottom=&#8220;section&#8220; hover_enabled=&#8220;0&#8243; background_color_phone=&#8220;RGBA(255,255,255,0)&#8220; background_last_edited=&#8220;on|phone&#8220; background_enable_color_phone=&#8220;on&#8220; global_colors_info=&#8220;{}&#8220; sticky_position_last_edited=&#8220;on|desktop&#8220; sticky_enabled=&#8220;0&#8243; sticky_position_phone=&#8220;none&#8220; sticky_position_tablet=&#8220;top&#8220;][et_pb_column type=&#8220;4_4&#8243; _builder_version=&#8220;4.23&#8243; _module_preset=&#8220;default&#8220; global_colors_info=&#8220;{}&#8220;][et_pb_text _builder_version=&#8220;4.23&#8243; _module_preset=&#8220;default&#8220; global_colors_info=&#8220;{}&#8220;]<\/p>\n<h3>Fachbereich\u00a0<\/h3>\n<p>[\/et_pb_text][\/et_pb_column][\/et_pb_row][et_pb_row column_structure=&#8220;1_3,2_3&#8243; _builder_version=&#8220;4.23&#8243; _module_preset=&#8220;default&#8220; custom_padding=&#8220;0px||0px||false|false&#8220; global_colors_info=&#8220;{}&#8220;][et_pb_column type=&#8220;1_3&#8243; _builder_version=&#8220;4.23&#8243; _module_preset=&#8220;default&#8220; global_colors_info=&#8220;{}&#8220;][\/et_pb_column][et_pb_column type=&#8220;2_3&#8243; _builder_version=&#8220;4.23&#8243; _module_preset=&#8220;default&#8220; global_colors_info=&#8220;{}&#8220;][et_pb_accordion open_toggle_background_color=&#8220;RGBA(255,255,255,0)&#8220; closed_toggle_background_color=&#8220;#EDF2F5&#8243; _builder_version=&#8220;4.23&#8243; _module_preset=&#8220;default&#8220; toggle_font_size=&#8220;22px&#8220; closed_toggle_font_size=&#8220;22px&#8220; body_font_size=&#8220;18px&#8220; border_width_all=&#8220;0px&#8220; global_colors_info=&#8220;{}&#8220;][et_pb_accordion_item title=&#8220;Warum brauche ich \u00fcberhaupt einen Anwalt?&#8220; open=&#8220;on&#8220; _builder_version=&#8220;4.23&#8243; _module_preset=&#8220;default&#8220; global_colors_info=&#8220;{}&#8220;]<\/p>\n<p>Je eher Sie den Rat eines Rechtsanwalts einholen, desto besser l\u00e4sst sich der Verlauf Ihrer Rechtsangelegenheiten beeinflussen. Ein Rechtsanwalt wahrt die Einhaltung der Fristen und verhindert dadurch unwiderrufliche Entscheidungen zu Ihren Ungunsten. Zudem erh\u00e4lt nur ein Rechtsanwalt vollst\u00e4ndige Einsicht in die beh\u00f6rdlichen bzw. gerichtlichen Akten, deren Inhalte essentiell f\u00fcr die Verteidigungsstrategien sein k\u00f6nnen.<\/p>\n<p>Nutzen Sie daher die M\u00f6glichkeit der Erstberatung, um sich einen ersten Rechtsrat von Ihrem Anwalt einzuholen.<\/p>\n<p>&nbsp;<\/p>\n<p>[\/et_pb_accordion_item][et_pb_accordion_item title=&#8220;Wie l\u00e4uft ein zivilrechtliches Streitverfahren ab?&#8220; _builder_version=&#8220;4.23&#8243; _module_preset=&#8220;default&#8220; global_colors_info=&#8220;{}&#8220; open=&#8220;off&#8220;]<\/p>\n<p>1. Kontaktaufnahme<\/p>\n<p>Sie haben sich entschieden, sich in einem Konfliktfall anwaltlich beraten zu lassen. Deshalb vereinbaren Sie bei Ihrem Anwalt einen Termin.<\/p>\n<p>2. Erstes Beratungsgespr\u00e4ch beim Anwalt<\/p>\n<p>Im ersten Beratungsgespr\u00e4ch werden bereits die grundlegenden Punkte des weiteren Vorgehens besprochen. Deshalb ist es wichtig, dieses Gespr\u00e4ch gut vorzubereiten.<\/p>\n<p>3. Nachbereitung<\/p>\n<p>Teilweise treten beim ersten Besuch in der Kanzlei noch zahlreiche Fragen auf, die nicht sofort beantwortet werden k\u00f6nnen. So haben Sie meist noch ein paar Aufgaben zu erf\u00fcllen wie z.B. fehlende Unterlagen bei uns einzureichen, Anrufe zu t\u00e4tigen, Bescheinigungen zu besorgen etc.<\/p>\n<p>4. Versuch der au\u00dfergerichtlichen Einigung bzw. Gerichtsverfahren<\/p>\n<p>Je nach Fallkonstellation werden wir Ihnen vorschlagen, den Konflikt zun\u00e4chst ohne eine Klage vor Gericht beizulegen. Daf\u00fcr nehmen wir beispielsweise Kontakt mit der Gegenseite auf und versuchen unsere Forderungen au\u00dfergerichtlich zu benennen und juristisch durchzusetzen.<\/p>\n<p>Sollte dies nicht der Fall sein, sondern entscheiden Sie sich zusammen mit uns, Klage zu erheben, werden wir f\u00fcr Sie die Klageschrift fertigen. Hierbei werden wir den Sachverhalt erl\u00e4utern, Ihre Forderungen benennen, die Sie gerichtlich geltend machen wollen und Argumente vorbringen, die diese Forderungen begr\u00fcnden.<\/p>\n<p>&nbsp;<\/p>\n<p>[\/et_pb_accordion_item][et_pb_accordion_item title=&#8220;Woher wei\u00df ich als Mandant, was mich die Beauftragung des Anwalts kostet oder kosten wird?&#8220; _builder_version=&#8220;4.23&#8243; _module_preset=&#8220;default&#8220; global_colors_info=&#8220;{}&#8220; open=&#8220;off&#8220;]<\/p>\n<p>Informieren Sie sich vorher einfach bei Ihrem Rechtsanwalt. Wir sind verpflichtet, den Mandanten umfassend \u00fcber das Kosten- und Geb\u00fchrenaufkommen zu beraten, damit Sie sich in Ruhe \u00fcberlegen k\u00f6nnen, ob Sie sich von uns juristisch vertreten lassen wollen.<\/p>\n<p>Zumeist empfiehlt sich aber eine Erstberatung.<\/p>\n<p>&nbsp;<\/p>\n<p>[\/et_pb_accordion_item][et_pb_accordion_item title=&#8220;Ich habe eine Rechtsschutzversicherung &#8211; welche Kosten kommen auf mich zu?&#8220; _builder_version=&#8220;4.23&#8243; _module_preset=&#8220;default&#8220; global_colors_info=&#8220;{}&#8220; open=&#8220;off&#8220;]<\/p>\n<p>Wenn der Mandant \u00fcber eine Rechtsschutzversicherung verf\u00fcgt, kann er damit sein Kostenrisiko minimieren.<\/p>\n<p>Wir helfen Ihnen selbstverst\u00e4ndlich auf Wunsch bei der Einholung der Kostenschutzzusage Ihrer Versicherung.<\/p>\n<p>&nbsp;<\/p>\n<p>[\/et_pb_accordion_item][et_pb_accordion_item title=&#8220;Ich wurde durch meinen Arbeitgeber gek\u00fcndigt &#8211; was kann ich tun?&#8220; _builder_version=&#8220;4.23&#8243; _module_preset=&#8220;default&#8220; global_colors_info=&#8220;{}&#8220; open=&#8220;off&#8220;]<\/p>\n<p>Gegen eine K\u00fcndigung k\u00f6nnen Sie ausschlie\u00dflich eine K\u00fcndigungsschutzklage beim zust\u00e4ndigen Arbeitsgericht erheben.<\/p>\n<p>Die Klage verfolgt das Ziel, festzustellen, dass die K\u00fcndigung unwirksam ist, sodass Ihr Arbeitsvertrag weiterhin bestehen bleibt.<\/p>\n<p>Wichtig ist, die Klage innerhalb von drei Wochen nach Zustellung der K\u00fcndigung beim zust\u00e4ndigen Arbeitsgericht einzureichen.<\/p>\n<p>Das Vers\u00e4umen der Frist kann zur Wirksamkeit der K\u00fcndigung f\u00fchren.<\/p>\n<p>&nbsp;<\/p>\n<p>[\/et_pb_accordion_item][\/et_pb_accordion][\/et_pb_column][\/et_pb_row][\/et_pb_section][et_pb_section fb_built=&#8220;1&#8243; _builder_version=&#8220;4.23&#8243; _module_preset=&#8220;default&#8220; locked=&#8220;off&#8220; global_colors_info=&#8220;{}&#8220;][et_pb_row column_structure=&#8220;1_2,1_2&#8243; _builder_version=&#8220;4.23&#8243; _module_preset=&#8220;default&#8220; global_colors_info=&#8220;{}&#8220;][et_pb_column type=&#8220;1_2&#8243; _builder_version=&#8220;4.23&#8243; _module_preset=&#8220;default&#8220; global_colors_info=&#8220;{}&#8220;][et_pb_icon font_icon=&#8220;&#x23;||divi||400&#8243; icon_width=&#8220;28px&#8220; align=&#8220;left&#8220; _builder_version=&#8220;4.23&#8243; _module_preset=&#8220;default&#8220; custom_margin=&#8220;0px||0px||true|false&#8220; global_colors_info=&#8220;{}&#8220;][\/et_pb_icon][et_pb_text _builder_version=&#8220;4.23&#8243; _dynamic_attributes=&#8220;link_option_url&#8220; _module_preset=&#8220;default&#8220; text_text_color=&#8220;#E83F58&#8243; text_font_size=&#8220;14px&#8220; text_line_height=&#8220;1em&#8220; link_option_url=&#8220;@ET-DC@eyJkeW5hbWljIjp0cnVlLCJjb250ZW50IjoicG9zdF9saW5rX3VybF9wYWdlIiwic2V0dGluZ3MiOnsicG9zdF9pZCI6IjE5In19@&#8220; global_colors_info=&#8220;{}&#8220;]<\/p>\n<p>Startseite<\/p>\n<p>[\/et_pb_text][\/et_pb_column][et_pb_column type=&#8220;1_2&#8243; _builder_version=&#8220;4.23&#8243; _module_preset=&#8220;default&#8220; global_colors_info=&#8220;{}&#8220;][et_pb_icon font_icon=&#8220;&#x24;||divi||400&#8243; icon_width=&#8220;28px&#8220; align=&#8220;right&#8220; _builder_version=&#8220;4.23&#8243; _module_preset=&#8220;default&#8220; custom_margin=&#8220;0px||0px||true|false&#8220; global_colors_info=&#8220;{}&#8220;][\/et_pb_icon][et_pb_text _builder_version=&#8220;4.23&#8243; _dynamic_attributes=&#8220;link_option_url&#8220; _module_preset=&#8220;default&#8220; text_text_color=&#8220;#E83F58&#8243; text_font_size=&#8220;14px&#8220; text_line_height=&#8220;1em&#8220; link_option_url=&#8220;@ET-DC@eyJkeW5hbWljIjp0cnVlLCJjb250ZW50IjoicG9zdF9saW5rX3VybF9wYWdlIiwic2V0dGluZ3MiOnsicG9zdF9pZCI6IjUxIn19@&#8220; global_colors_info=&#8220;{}&#8220;]<\/p>\n<p style=\"text-align: right;\">Kontakt<\/p>\n<p>[\/et_pb_text][\/et_pb_column][\/et_pb_row][\/et_pb_section]<\/p>\n","protected":false},"excerpt":{"rendered":"<p>H\u00e4ufige Fragen (FAQ)Hier finden Sie Antworten auf h\u00e4ufig gestellte Fragen zu allem rund um Rechtsberatung, Geb\u00fchren und vielem mehr. Bei weiteren Fragen, die nachfolgend (noch) nicht beantwortet werden, k\u00f6nnen Sie uns gerne pers\u00f6nlich kontaktieren. &nbsp;Fachbereich\u00a0Je eher Sie den Rat eines Rechtsanwalts einholen, desto besser l\u00e4sst sich der Verlauf Ihrer Rechtsangelegenheiten beeinflussen. Ein Rechtsanwalt wahrt die [&hellip;]<\/p>\n","protected":false},"author":1,"featured_media":0,"parent":49,"menu_order":0,"comment_status":"closed","ping_status":"closed","template":"","meta":{"_et_pb_use_builder":"on","_et_pb_old_content":"","_et_gb_content_width":"","footnotes":""},"class_list":["post-200","page","type-page","status-publish","hentry"],"aioseo_notices":[],"_links":{"self":[{"href":"https:\/\/holztrattner-schmid.de\/home\/wp-json\/wp\/v2\/pages\/200","targetHints":{"allow":["GET"]}}],"collection":[{"href":"https:\/\/holztrattner-schmid.de\/home\/wp-json\/wp\/v2\/pages"}],"about":[{"href":"https:\/\/holztrattner-schmid.de\/home\/wp-json\/wp\/v2\/types\/page"}],"author":[{"embeddable":true,"href":"https:\/\/holztrattner-schmid.de\/home\/wp-json\/wp\/v2\/users\/1"}],"replies":[{"embeddable":true,"href":"https:\/\/holztrattner-schmid.de\/home\/wp-json\/wp\/v2\/comments?post=200"}],"version-history":[{"count":20,"href":"https:\/\/holztrattner-schmid.de\/home\/wp-json\/wp\/v2\/pages\/200\/revisions"}],"predecessor-version":[{"id":806,"href":"https:\/\/holztrattner-schmid.de\/home\/wp-json\/wp\/v2\/pages\/200\/revisions\/806"}],"up":[{"embeddable":true,"href":"https:\/\/holztrattner-schmid.de\/home\/wp-json\/wp\/v2\/pages\/49"}],"wp:attachment":[{"href":"https:\/\/holztrattner-schmid.de\/home\/wp-json\/wp\/v2\/media?parent=200"}],"curies":[{"name":"wp","href":"https:\/\/api.w.org\/{rel}","templated":true}]}}