{"id":19,"date":"2023-11-02T13:37:43","date_gmt":"2023-11-02T12:37:43","guid":{"rendered":"http:\/\/holztrattner-schmid.de\/home\/?page_id=19"},"modified":"2024-05-31T13:19:27","modified_gmt":"2024-05-31T11:19:27","slug":"rechtsanwaltskanzlei-germering","status":"publish","type":"page","link":"https:\/\/holztrattner-schmid.de\/home\/","title":{"rendered":"Startseite"},"content":{"rendered":"<p>[et_pb_section fb_built=&#8220;1&#8243; fullwidth=&#8220;on&#8220; _builder_version=&#8220;4.23&#8243; _module_preset=&#8220;default&#8220; global_colors_info=&#8220;{}&#8220;][et_pb_fullwidth_slider _builder_version=&#8220;4.23&#8243; _module_preset=&#8220;default&#8220; auto=&#8220;on&#8220; auto_speed=&#8220;5000&#8243; global_colors_info=&#8220;{}&#8220;][et_pb_slide use_bg_overlay=&#8220;off&#8220; use_text_overlay=&#8220;off&#8220; admin_title=&#8220;Arbeitsrecht&#8220; _builder_version=&#8220;4.23&#8243; _module_preset=&#8220;default&#8220; body_font=&#8220;|800|||||||&#8220; body_font_size=&#8220;60px&#8220; body_line_height=&#8220;1.5em&#8220; background_image=&#8220;https:\/\/holztrattner-schmid.de\/home\/wp-content\/uploads\/2024\/05\/arbeitsrecht2.jpg&#8220; background_enable_image=&#8220;on&#8220; body_font_size_tablet=&#8220;54px&#8220; body_font_size_phone=&#8220;44px&#8220; body_font_size_last_edited=&#8220;on|phone&#8220; global_colors_info=&#8220;{}&#8220; sticky_transition=&#8220;on&#8220;]<\/p>\n<p style=\"text-align: left;\">ALLES WAS<br \/>\n<a style=\"text-decoration: underline; text-underline-position: under; text-decoration-style: dotted; color: #ffffff;\" href=\"rechtsgebiete\/arbeitsrecht\">ARBEITSRECHT<\/a> IST<\/p>\n<p>[\/et_pb_slide][et_pb_slide use_bg_overlay=&#8220;off&#8220; admin_title=&#8220;Familienrecht&#8220; _builder_version=&#8220;4.23&#8243; _module_preset=&#8220;default&#8220; body_font=&#8220;|800|||||||&#8220; body_font_size=&#8220;60px&#8220; body_line_height=&#8220;1.5em&#8220; background_image=&#8220;https:\/\/holztrattner-schmid.de\/home\/wp-content\/uploads\/2024\/05\/familienrecht4.jpg&#8220; background_enable_image=&#8220;on&#8220; body_font_size_tablet=&#8220;54px&#8220; body_font_size_phone=&#8220;44px&#8220; body_font_size_last_edited=&#8220;on|phone&#8220; global_colors_info=&#8220;{}&#8220; sticky_transition=&#8220;on&#8220;]<\/p>\n<p style=\"text-align: left;\">ALLES WAS<br \/><a style=\"text-decoration: underline; text-underline-position: under; text-decoration-style: dotted; color: #ffffff;\" href=\"rechtsgebiete\/familienrecht\">FAMILIENRECHT<\/a> IST<\/p>\n<p>[\/et_pb_slide][et_pb_slide admin_title=&#8220;Verkehrsrecht&#8220; _builder_version=&#8220;4.23&#8243; _module_preset=&#8220;default&#8220; body_font=&#8220;|800|||||||&#8220; body_font_size=&#8220;60px&#8220; body_line_height=&#8220;1.5em&#8220; background_image=&#8220;https:\/\/holztrattner-schmid.de\/home\/wp-content\/uploads\/2024\/05\/verkehrsrecht2.jpg&#8220; background_enable_image=&#8220;on&#8220; body_font_size_tablet=&#8220;54px&#8220; body_font_size_phone=&#8220;44px&#8220; body_font_size_last_edited=&#8220;on|phone&#8220; global_colors_info=&#8220;{}&#8220; sticky_transition=&#8220;on&#8220;]<\/p>\n<p style=\"text-align: left;\">ALLES WAS<br \/>\n<a style=\"text-decoration: underline; text-underline-position: under; text-decoration-style: dotted; color: #ffffff;\" href=\"rechtsgebiete\/verkehrsrecht\">VERKEHRSRECHT<\/a> <\/br>IST<\/p>\n<p>[\/et_pb_slide][et_pb_slide admin_title=&#8220;Erbrecht&#8220; _builder_version=&#8220;4.23&#8243; _module_preset=&#8220;default&#8220; body_font=&#8220;|800|||||||&#8220; body_font_size=&#8220;60px&#8220; body_line_height=&#8220;1.5em&#8220; background_image=&#8220;https:\/\/holztrattner-schmid.de\/home\/wp-content\/uploads\/2024\/05\/erbrecht2.jpg&#8220; background_enable_image=&#8220;on&#8220; body_font_size_tablet=&#8220;54px&#8220; body_font_size_phone=&#8220;44px&#8220; body_font_size_last_edited=&#8220;on|phone&#8220; global_colors_info=&#8220;{}&#8220; sticky_transition=&#8220;on&#8220;]<\/p>\n<p style=\"text-align: left;\">ALLES WAS<br \/><a style=\"text-decoration: underline; text-underline-position: under; text-decoration-style: dotted; color: #ffffff;\" href=\"rechtsgebiete\/erbrecht\">ERBRECHT<\/a> IST<\/p>\n<p>[\/et_pb_slide][et_pb_slide admin_title=&#8220;Strafrecht&#8220; _builder_version=&#8220;4.23&#8243; _module_preset=&#8220;default&#8220; body_font=&#8220;|800|||||||&#8220; body_font_size=&#8220;60px&#8220; body_line_height=&#8220;1.5em&#8220; background_image=&#8220;https:\/\/holztrattner-schmid.de\/home\/wp-content\/uploads\/2024\/05\/strafrecht2.jpg&#8220; background_enable_image=&#8220;on&#8220; body_font_size_tablet=&#8220;54px&#8220; body_font_size_phone=&#8220;44px&#8220; body_font_size_last_edited=&#8220;on|phone&#8220; global_colors_info=&#8220;{}&#8220; sticky_transition=&#8220;on&#8220;]<\/p>\n<p style=\"text-align: left;\">ALLES WAS<br \/>\n<a style=\"text-decoration: underline; text-underline-position: under; text-decoration-style: dotted; color: #ffffff;\" href=\"rechtsgebiete\/strafrecht\">STRAFRECHT<\/a> <\/br>IST<\/p>\n<p>[\/et_pb_slide][\/et_pb_fullwidth_slider][\/et_pb_section][et_pb_section fb_built=&#8220;1&#8243; _builder_version=&#8220;4.23&#8243; _module_preset=&#8220;default&#8220; global_colors_info=&#8220;{}&#8220;][et_pb_row _builder_version=&#8220;4.23&#8243; _module_preset=&#8220;default&#8220; global_colors_info=&#8220;{}&#8220;][et_pb_column type=&#8220;4_4&#8243; _builder_version=&#8220;4.23&#8243; _module_preset=&#8220;default&#8220; global_colors_info=&#8220;{}&#8220;][et_pb_text _builder_version=&#8220;4.23&#8243; _module_preset=&#8220;default&#8220; header_font=&#8220;|800||on|||||&#8220; header_font_size=&#8220;54px&#8220; header_font_size_tablet=&#8220;54px&#8220; header_font_size_phone=&#8220;34px&#8220; header_font_size_last_edited=&#8220;on|phone&#8220; global_colors_info=&#8220;{}&#8220;]<\/p>\n<h1>Holztrattner \/ Schmid<br \/>Anwaltskanzlei<\/h1>\n<p>[\/et_pb_text][et_pb_text _builder_version=&#8220;4.23&#8243; _module_preset=&#8220;default&#8220; text_font_size=&#8220;22px&#8220; text_line_height=&#8220;1.5em&#8220; header_font=&#8220;|800||on|||||&#8220; header_font_size=&#8220;54px&#8220; header_2_font=&#8220;|800|||||||&#8220; header_2_font_size=&#8220;40px&#8220; header_2_font_size_tablet=&#8220;40px&#8220; header_2_font_size_phone=&#8220;30px&#8220; header_2_font_size_last_edited=&#8220;on|phone&#8220; global_colors_info=&#8220;{}&#8220;]<\/p>\n<p>Die 1991 gegr\u00fcndet Rechtsanwaltskanzlei ber\u00e4t vorwiegend mittelst\u00e4ndische Unternehmen, Freiberufler und Privatpersonen auf ausgew\u00e4hlten Gebieten des Zivil- und Strafrechts.<\/p>\n<p>[\/et_pb_text][et_pb_button button_url=&#8220;@ET-DC@eyJkeW5hbWljIjp0cnVlLCJjb250ZW50IjoicG9zdF9saW5rX3VybF9wYWdlIiwic2V0dGluZ3MiOnsicG9zdF9pZCI6IjQ2In19@&#8220; button_text=&#8220;mehr erfahren&#8220; button_alignment=&#8220;right&#8220; _builder_version=&#8220;4.23&#8243; _dynamic_attributes=&#8220;button_url&#8220; _module_preset=&#8220;default&#8220; custom_button=&#8220;on&#8220; button_text_color=&#8220;#E83F58&#8243; button_bg_color=&#8220;RGBA(255,255,255,0)&#8220; button_border_color=&#8220;RGBA(255,255,255,0)&#8220; button_border_radius=&#8220;0px&#8220; button_icon=&#8220;&#x24;||divi||400&#8243; button_on_hover=&#8220;off&#8220; global_colors_info=&#8220;{}&#8220; button_bg_color__hover_enabled=&#8220;on|hover&#8220; button_bg_color__hover=&#8220;RGBA(255,255,255,0)&#8220; button_bg_enable_color__hover=&#8220;on&#8220; button_text_color__hover_enabled=&#8220;on|hover&#8220; button_text_color__hover=&#8220;#8D9AAD&#8220;][\/et_pb_button][\/et_pb_column][\/et_pb_row][\/et_pb_section][et_pb_section fb_built=&#8220;1&#8243; _builder_version=&#8220;4.23&#8243; _module_preset=&#8220;default&#8220; global_colors_info=&#8220;{}&#8220;][et_pb_row column_structure=&#8220;1_2,1_2&#8243; use_custom_gutter=&#8220;on&#8220; gutter_width=&#8220;2&#8243; make_equal=&#8220;on&#8220; _builder_version=&#8220;4.23&#8243; _module_preset=&#8220;default&#8220; custom_padding=&#8220;0px|0px|0px|0px|false|true&#8220; global_colors_info=&#8220;{}&#8220;][et_pb_column type=&#8220;1_2&#8243; _builder_version=&#8220;4.23&#8243; _module_preset=&#8220;default&#8220; background_color=&#8220;#E83F58&#8243; custom_padding=&#8220;20px|20px|20px|20px|true|true&#8220; global_colors_info=&#8220;{}&#8220;][et_pb_text _builder_version=&#8220;4.23&#8243; _module_preset=&#8220;default&#8220; header_2_font=&#8220;|800||on|||||&#8220; header_2_text_color=&#8220;#FFFFFF&#8220; header_2_font_size=&#8220;40px&#8220; header_3_text_color=&#8220;#EDF2F5&#8243; header_4_text_color=&#8220;#EDF2F5&#8243; header_4_font_size=&#8220;16px&#8220; custom_margin=&#8220;||||true|true&#8220; hover_enabled=&#8220;0&#8243; header_2_font_size_tablet=&#8220;40px&#8220; header_2_font_size_phone=&#8220;32px&#8220; header_2_font_size_last_edited=&#8220;on|phone&#8220; header_3_font_size_tablet=&#8220;&#8220; header_3_font_size_phone=&#8220;22px&#8220; header_3_font_size_last_edited=&#8220;on|phone&#8220; global_colors_info=&#8220;{}&#8220; text_text_color__hover_enabled=&#8220;on|hover&#8220; text_text_color__hover=&#8220;#009FE3&#8243; header_text_color__hover_enabled=&#8220;on|hover&#8220; header_2_text_color__hover_enabled=&#8220;on|hover&#8220; header_2_text_color__hover=&#8220;#EDF2F5&#8243; sticky_enabled=&#8220;0&#8243;]<\/p>\n<h4>Schwerpunkt \/ Rechtsgebiet<\/h4>\n<h2><a href=\"\/home\/arbeitsrecht\">Arbeitsrecht<\/a><\/h2>\n<h3>Abfindung<\/h3>\n<h3>Abmahnung<\/h3>\n<h3>Arbeitsgerichtsverfahren<\/h3>\n<h3>Arbeitsvertr\u00e4ge<\/h3>\n<h3>Aufhebungsverg\u00fctung<\/h3>\n<h3>Aufhebungsvertr\u00e4ge<\/h3>\n<h3>Freistellung<\/h3>\n<h3>K\u00fcndigung<\/h3>\n<h3>Urlaubsabgeltung<\/h3>\n<p>&nbsp;<\/p>\n<p>[\/et_pb_text][et_pb_icon font_icon=&#8220;&#x24;||divi||400&#8243; icon_color=&#8220;#FFFFFF&#8220; url=&#8220;@ET-DC@eyJkeW5hbWljIjp0cnVlLCJjb250ZW50IjoicG9zdF9saW5rX3VybF9wYWdlIiwic2V0dGluZ3MiOnsicG9zdF9pZCI6IjM5In19@&#8220; align=&#8220;right&#8220; _builder_version=&#8220;4.23&#8243; _dynamic_attributes=&#8220;url&#8220; _module_preset=&#8220;default&#8220; custom_margin=&#8220;|20px|||false|false&#8220; global_colors_info=&#8220;{}&#8220; icon_color__hover_enabled=&#8220;on|hover&#8220; icon_color__hover=&#8220;#2B2D42&#8243;][\/et_pb_icon][\/et_pb_column][et_pb_column type=&#8220;1_2&#8243; _builder_version=&#8220;4.23&#8243; _module_preset=&#8220;default&#8220; background_color=&#8220;#E83F58&#8243; custom_padding=&#8220;20px|20px|20px|20px|true|true&#8220; global_colors_info=&#8220;{}&#8220;][et_pb_text _builder_version=&#8220;4.23&#8243; _module_preset=&#8220;default&#8220; header_2_font=&#8220;|800||on|||||&#8220; header_2_text_color=&#8220;#FFFFFF&#8220; header_2_font_size=&#8220;40px&#8220; header_3_text_color=&#8220;#EDF2F5&#8243; header_4_text_color=&#8220;#EDF2F5&#8243; header_4_font_size=&#8220;16px&#8220; custom_margin=&#8220;||||true|true&#8220; hover_enabled=&#8220;0&#8243; header_2_font_size_tablet=&#8220;40px&#8220; header_2_font_size_phone=&#8220;32px&#8220; header_2_font_size_last_edited=&#8220;on|phone&#8220; header_3_font_size_tablet=&#8220;&#8220; header_3_font_size_phone=&#8220;22px&#8220; header_3_font_size_last_edited=&#8220;on|phone&#8220; global_colors_info=&#8220;{}&#8220; header_2_text_color__hover_enabled=&#8220;on|hover&#8220; header_2_text_color__hover=&#8220;#EDF2F5&#8243; sticky_enabled=&#8220;0&#8243;]<\/p>\n<h4>Schwerpunkt \/ Rechtsgebiet<\/h4>\n<h2><a href=\"\/erbrecht\">Erbrecht<\/a><\/h2>\n<h3>Testament<\/h3>\n<h3>Abwicklung von Nachl\u00e4ssen<\/h3>\n<h3>Erbengemeinschaften<\/h3>\n<h3>Durchsetzung des Pflichtteils<\/h3>\n<h3>Patientenverf\u00fcgung, Vorsorgevollmacht und Betreuungsverf\u00fcgung<\/h3>\n<p>[\/et_pb_text][et_pb_icon font_icon=&#8220;&#x24;||divi||400&#8243; icon_color=&#8220;#FFFFFF&#8220; url=&#8220;@ET-DC@eyJkeW5hbWljIjp0cnVlLCJjb250ZW50IjoicG9zdF9saW5rX3VybF9wYWdlIiwic2V0dGluZ3MiOnsicG9zdF9pZCI6IjQyIn19@&#8220; align=&#8220;right&#8220; _builder_version=&#8220;4.23&#8243; _dynamic_attributes=&#8220;url&#8220; _module_preset=&#8220;default&#8220; custom_margin=&#8220;|20px|||false|false&#8220; global_colors_info=&#8220;{}&#8220; icon_color__hover_enabled=&#8220;on|hover&#8220; icon_color__hover=&#8220;#2B2D42&#8243;][\/et_pb_icon][\/et_pb_column][\/et_pb_row][et_pb_row column_structure=&#8220;1_2,1_2&#8243; use_custom_gutter=&#8220;on&#8220; gutter_width=&#8220;2&#8243; make_equal=&#8220;on&#8220; _builder_version=&#8220;4.23&#8243; _module_preset=&#8220;default&#8220; custom_margin=&#8220;30px||||false|false&#8220; custom_padding=&#8220;0px|0px|0px|0px|false|true&#8220; global_colors_info=&#8220;{}&#8220;][et_pb_column type=&#8220;1_2&#8243; _builder_version=&#8220;4.23&#8243; _module_preset=&#8220;default&#8220; background_color=&#8220;#E83F58&#8243; custom_padding=&#8220;20px|20px|20px|20px|true|true&#8220; global_colors_info=&#8220;{}&#8220;][et_pb_text _builder_version=&#8220;4.23&#8243; _module_preset=&#8220;default&#8220; header_2_font=&#8220;|800||on|||||&#8220; header_2_text_color=&#8220;#FFFFFF&#8220; header_2_font_size=&#8220;40px&#8220; header_3_text_color=&#8220;#EDF2F5&#8243; header_4_text_color=&#8220;#EDF2F5&#8243; header_4_font_size=&#8220;16px&#8220; custom_margin=&#8220;||||true|true&#8220; hover_enabled=&#8220;0&#8243; header_2_font_size_tablet=&#8220;40px&#8220; header_2_font_size_phone=&#8220;32px&#8220; header_2_font_size_last_edited=&#8220;on|phone&#8220; header_3_font_size_tablet=&#8220;&#8220; header_3_font_size_phone=&#8220;22px&#8220; header_3_font_size_last_edited=&#8220;on|phone&#8220; global_colors_info=&#8220;{}&#8220; header_2_text_color__hover_enabled=&#8220;on|hover&#8220; header_2_text_color__hover=&#8220;#EDF2F5&#8243; sticky_enabled=&#8220;0&#8243;]<\/p>\n<h4>Schwerpunkt \/ Rechtsgebiet<\/h4>\n<h2><a href=\"\/familienrecht\">Familienrecht<\/a><\/h2>\n<h3>Trennungs- und Scheidungsverfahren<\/h3>\n<h3>Elternunterhalt<\/h3>\n<h3>Kindes- und Ehegattenunterhalt<\/h3>\n<h3>Sorgerecht und Umgang<\/h3>\n<h3>Ehevertr\u00e4ge<\/h3>\n<h3>G\u00fcterrecht<\/h3>\n<h3>Versorgungsausgleich<\/h3>\n<h3>Verm\u00f6gensauseinandersetzungen<\/h3>\n<p>[\/et_pb_text][et_pb_icon font_icon=&#8220;&#x24;||divi||400&#8243; icon_color=&#8220;#FFFFFF&#8220; url=&#8220;@ET-DC@eyJkeW5hbWljIjp0cnVlLCJjb250ZW50IjoicG9zdF9saW5rX3VybF9wYWdlIiwic2V0dGluZ3MiOnsicG9zdF9pZCI6IjQzIn19@&#8220; align=&#8220;right&#8220; _builder_version=&#8220;4.23&#8243; _dynamic_attributes=&#8220;url&#8220; _module_preset=&#8220;default&#8220; custom_margin=&#8220;|20px|||false|false&#8220; global_colors_info=&#8220;{}&#8220; icon_color__hover_enabled=&#8220;on|hover&#8220; icon_color__hover=&#8220;#2B2D42&#8243;][\/et_pb_icon][\/et_pb_column][et_pb_column type=&#8220;1_2&#8243; _builder_version=&#8220;4.23&#8243; _module_preset=&#8220;default&#8220; background_color=&#8220;#E83F58&#8243; custom_padding=&#8220;20px|20px|20px|20px|true|true&#8220; global_colors_info=&#8220;{}&#8220;][et_pb_text _builder_version=&#8220;4.23&#8243; _module_preset=&#8220;default&#8220; header_2_font=&#8220;|800||on|||||&#8220; header_2_text_color=&#8220;#FFFFFF&#8220; header_2_font_size=&#8220;40px&#8220; header_3_text_color=&#8220;#EDF2F5&#8243; header_4_text_color=&#8220;#EDF2F5&#8243; header_4_font_size=&#8220;16px&#8220; custom_margin=&#8220;||||true|true&#8220; hover_enabled=&#8220;0&#8243; header_2_font_size_tablet=&#8220;40px&#8220; header_2_font_size_phone=&#8220;32px&#8220; header_2_font_size_last_edited=&#8220;on|phone&#8220; header_3_font_size_tablet=&#8220;&#8220; header_3_font_size_phone=&#8220;22px&#8220; header_3_font_size_last_edited=&#8220;on|phone&#8220; global_colors_info=&#8220;{}&#8220; header_2_text_color__hover_enabled=&#8220;on|hover&#8220; header_2_text_color__hover=&#8220;#EDF2F5&#8243; sticky_enabled=&#8220;0&#8243;]<\/p>\n<h4>Schwerpunkt \/ Rechtsgebiet<\/h4>\n<h2><a href=\"\/strafrecht\">Strafrecht<\/a><\/h2>\n<h3>Strafverteidigung<\/h3>\n<h3>Bet\u00e4ubungsmittelrecht &#8211; BtMG<\/h3>\n<h3>Jugendstrafrecht<\/h3>\n<h3>Verkehrsstrafrecht<\/h3>\n<h3>ORDNUNGSWIDRIGKEITEN<\/h3>\n<h3>Bu\u00dfgeldverfahren<\/h3>\n<p>[\/et_pb_text][et_pb_icon font_icon=&#8220;&#x24;||divi||400&#8243; icon_color=&#8220;#FFFFFF&#8220; url=&#8220;@ET-DC@eyJkeW5hbWljIjp0cnVlLCJjb250ZW50IjoicG9zdF9saW5rX3VybF9wYWdlIiwic2V0dGluZ3MiOnsicG9zdF9pZCI6IjQ0In19@&#8220; align=&#8220;right&#8220; _builder_version=&#8220;4.23&#8243; _dynamic_attributes=&#8220;url&#8220; _module_preset=&#8220;default&#8220; custom_margin=&#8220;|20px|||false|false&#8220; global_colors_info=&#8220;{}&#8220; icon_color__hover_enabled=&#8220;on|hover&#8220; icon_color__hover=&#8220;#2B2D42&#8243;][\/et_pb_icon][\/et_pb_column][\/et_pb_row][et_pb_row column_structure=&#8220;1_2,1_2&#8243; use_custom_gutter=&#8220;on&#8220; gutter_width=&#8220;2&#8243; make_equal=&#8220;on&#8220; _builder_version=&#8220;4.23&#8243; _module_preset=&#8220;default&#8220; custom_margin=&#8220;30px||||false|false&#8220; custom_padding=&#8220;0px|0px|0px|0px|false|true&#8220; global_colors_info=&#8220;{}&#8220;][et_pb_column type=&#8220;1_2&#8243; _builder_version=&#8220;4.23&#8243; _module_preset=&#8220;default&#8220; background_color=&#8220;#E83F58&#8243; custom_padding=&#8220;20px|20px|20px|20px|true|true&#8220; global_colors_info=&#8220;{}&#8220;][et_pb_text _builder_version=&#8220;4.23&#8243; _module_preset=&#8220;default&#8220; header_2_font=&#8220;|800||on|||||&#8220; header_2_text_color=&#8220;#FFFFFF&#8220; header_2_font_size=&#8220;40px&#8220; header_4_text_color=&#8220;#EDF2F5&#8243; header_4_font_size=&#8220;16px&#8220; custom_margin=&#8220;||||true|true&#8220; hover_enabled=&#8220;0&#8243; header_2_font_size_tablet=&#8220;40px&#8220; header_2_font_size_phone=&#8220;32px&#8220; header_2_font_size_last_edited=&#8220;on|phone&#8220; global_colors_info=&#8220;{}&#8220; header_2_text_color__hover_enabled=&#8220;on|hover&#8220; header_2_text_color__hover=&#8220;#EDF2F5&#8243; sticky_enabled=&#8220;0&#8243;]<\/p>\n<h4>Schwerpunkt \/ Rechtsgebiet<\/h4>\n<h2><a href=\"\/verkehrsrecht\">Verkehrsrecht<\/a><\/h2>\n<p>[\/et_pb_text][et_pb_text _builder_version=&#8220;4.23&#8243; _module_preset=&#8220;default&#8220; header_2_font=&#8220;|800||on|||||&#8220; header_2_text_color=&#8220;#004F9F&#8220; header_2_font_size=&#8220;40px&#8220; header_3_text_color=&#8220;#EDF2F5&#8243; header_4_text_color=&#8220;#EDF2F5&#8243; header_4_font_size=&#8220;16px&#8220; custom_margin=&#8220;||||true|true&#8220; global_colors_info=&#8220;{}&#8220;]<\/p>\n<h4>Rechtsanwalt<\/h4>\n<h3>WOLFGANG SCHMID<\/h3>\n<h4>ADAC Vertragsanwalt<\/h4>\n<p>[\/et_pb_text][et_pb_image src=&#8220;https:\/\/holztrattner-schmid.de\/home\/wp-content\/uploads\/2023\/11\/adac-vertragsanwalt.jpg&#8220; title_text=&#8220;adac-vertragsanwalt&#8220; _builder_version=&#8220;4.23&#8243; _module_preset=&#8220;default&#8220; width=&#8220;40%&#8220; max_width=&#8220;50%&#8220; global_colors_info=&#8220;{}&#8220;][\/et_pb_image][et_pb_text _builder_version=&#8220;4.23&#8243; _module_preset=&#8220;default&#8220; header_2_font=&#8220;|800||on|||||&#8220; header_2_text_color=&#8220;#004F9F&#8220; header_2_font_size=&#8220;40px&#8220; header_3_text_color=&#8220;#EDF2F5&#8243; header_4_text_color=&#8220;#EDF2F5&#8243; header_4_font_size=&#8220;16px&#8220; custom_margin=&#8220;||||true|true&#8220; header_3_font_size_tablet=&#8220;&#8220; header_3_font_size_phone=&#8220;22px&#8220; header_3_font_size_last_edited=&#8220;on|phone&#8220; global_colors_info=&#8220;{}&#8220;]<\/p>\n<h3>Verkehrsunf\u00e4lle<\/h3>\n<h3>Regulierung von Sach- und Personensch\u00e4den<\/h3>\n<h3>Fahrzeugkauf und -leasing<\/h3>\n<h3>Streitigkeiten mit Werkst\u00e4tten und Versicherungen<\/h3>\n<h3>Wiedererlangung der Fahrerlaubnis<\/h3>\n<h3>Vorbereitung auf die MPU<\/h3>\n<p>[\/et_pb_text][et_pb_icon font_icon=&#8220;&#x24;||divi||400&#8243; icon_color=&#8220;#FFFFFF&#8220; url=&#8220;@ET-DC@eyJkeW5hbWljIjp0cnVlLCJjb250ZW50IjoicG9zdF9saW5rX3VybF9wYWdlIiwic2V0dGluZ3MiOnsicG9zdF9pZCI6IjQ1In19@&#8220; align=&#8220;right&#8220; _builder_version=&#8220;4.23&#8243; _dynamic_attributes=&#8220;url&#8220; _module_preset=&#8220;default&#8220; custom_margin=&#8220;|20px|||false|false&#8220; global_colors_info=&#8220;{}&#8220; icon_color__hover_enabled=&#8220;on|hover&#8220; icon_color__hover=&#8220;#2B2D42&#8243;][\/et_pb_icon][\/et_pb_column][et_pb_column type=&#8220;1_2&#8243; _builder_version=&#8220;4.23&#8243; _module_preset=&#8220;default&#8220; global_colors_info=&#8220;{}&#8220;][\/et_pb_column][\/et_pb_row][\/et_pb_section][et_pb_section fb_built=&#8220;1&#8243; _builder_version=&#8220;4.23&#8243; _module_preset=&#8220;default&#8220; global_colors_info=&#8220;{}&#8220;][et_pb_row column_structure=&#8220;1_4,3_4&#8243; _builder_version=&#8220;4.23&#8243; _module_preset=&#8220;default&#8220; global_colors_info=&#8220;{}&#8220;][et_pb_column type=&#8220;1_4&#8243; _builder_version=&#8220;4.23&#8243; _module_preset=&#8220;default&#8220; global_colors_info=&#8220;{}&#8220;][et_pb_code _builder_version=&#8220;4.23&#8243; _module_preset=&#8220;default&#8220; global_colors_info=&#8220;{}&#8220;]<\/p>\n<div><script type=\"text\/javascript\" src=\"https:\/\/widget.anwalt.de\/gesamtbewertung-ihrer-kanzlei\/11\/id\/193817\/maxItems\/3\/baseColor\/ffffff\/headerColor\/5c5c5c\/width\/200\/linksNewWindow\/true\/disableBorder\/true\/get.js\"><\/script><\/div>\n<p>[\/et_pb_code][\/et_pb_column][et_pb_column type=&#8220;3_4&#8243; _builder_version=&#8220;4.23&#8243; _module_preset=&#8220;default&#8220; global_colors_info=&#8220;{}&#8220;][et_pb_text _builder_version=&#8220;4.23&#8243; _module_preset=&#8220;default&#8220; global_colors_info=&#8220;{}&#8220;]<\/p>\n<h4>Entscheidungen zu verschiedenen Rechtsgebieten<\/h4>\n<h3>AKTUELLES<\/h3>\n<p>[\/et_pb_text][et_pb_blog fullwidth=&#8220;off&#8220; show_thumbnail=&#8220;off&#8220; excerpt_length=&#8220;120&#8243; show_author=&#8220;off&#8220; show_date=&#8220;off&#8220; masonry_tile_background_color=&#8220;#EDF2F5&#8243; _builder_version=&#8220;4.23&#8243; _module_preset=&#8220;default&#8220; body_font_size=&#8220;16px&#8220; meta_font=&#8220;|||on|||||&#8220; meta_text_color=&#8220;#E83F58&#8243; meta_font_size=&#8220;12px&#8220; read_more_font=&#8220;|800|||||||&#8220; border_width_all=&#8220;0px&#8220; border_style_all_image=&#8220;none&#8220; global_colors_info=&#8220;{}&#8220;][\/et_pb_blog][\/et_pb_column][\/et_pb_row][\/et_pb_section]<\/p>\n","protected":false},"excerpt":{"rendered":"<p>ALLES WAS ARBEITSRECHT ISTALLES WASFAMILIENRECHT ISTALLES WAS VERKEHRSRECHT ISTALLES WASERBRECHT ISTALLES WAS STRAFRECHT ISTHolztrattner \/ SchmidAnwaltskanzleiDie 1991 gegr\u00fcndet Rechtsanwaltskanzlei ber\u00e4t vorwiegend mittelst\u00e4ndische Unternehmen, Freiberufler und Privatpersonen auf ausgew\u00e4hlten Gebieten des Zivil- und Strafrechts.Schwerpunkt \/ Rechtsgebiet Arbeitsrecht Abfindung Abmahnung Arbeitsgerichtsverfahren Arbeitsvertr\u00e4ge Aufhebungsverg\u00fctung Aufhebungsvertr\u00e4ge Freistellung K\u00fcndigung Urlaubsabgeltung &nbsp;Schwerpunkt \/ Rechtsgebiet Erbrecht Testament Abwicklung von Nachl\u00e4ssen Erbengemeinschaften Durchsetzung [&hellip;]<\/p>\n","protected":false},"author":1,"featured_media":0,"parent":0,"menu_order":0,"comment_status":"closed","ping_status":"closed","template":"","meta":{"_et_pb_use_builder":"on","_et_pb_old_content":"","_et_gb_content_width":"","footnotes":""},"class_list":["post-19","page","type-page","status-publish","hentry"],"aioseo_notices":[],"_links":{"self":[{"href":"https:\/\/holztrattner-schmid.de\/home\/wp-json\/wp\/v2\/pages\/19","targetHints":{"allow":["GET"]}}],"collection":[{"href":"https:\/\/holztrattner-schmid.de\/home\/wp-json\/wp\/v2\/pages"}],"about":[{"href":"https:\/\/holztrattner-schmid.de\/home\/wp-json\/wp\/v2\/types\/page"}],"author":[{"embeddable":true,"href":"https:\/\/holztrattner-schmid.de\/home\/wp-json\/wp\/v2\/users\/1"}],"replies":[{"embeddable":true,"href":"https:\/\/holztrattner-schmid.de\/home\/wp-json\/wp\/v2\/comments?post=19"}],"version-history":[{"count":73,"href":"https:\/\/holztrattner-schmid.de\/home\/wp-json\/wp\/v2\/pages\/19\/revisions"}],"predecessor-version":[{"id":720,"href":"https:\/\/holztrattner-schmid.de\/home\/wp-json\/wp\/v2\/pages\/19\/revisions\/720"}],"wp:attachment":[{"href":"https:\/\/holztrattner-schmid.de\/home\/wp-json\/wp\/v2\/media?parent=19"}],"curies":[{"name":"wp","href":"https:\/\/api.w.org\/{rel}","templated":true}]}}